{"id":10206,"date":"2017-11-27T11:25:43","date_gmt":"2017-11-27T10:25:43","guid":{"rendered":"https:\/\/efep.es\/politica-de-cookies\/"},"modified":"2024-03-19T16:52:16","modified_gmt":"2024-03-19T15:52:16","slug":"politica-de-cookies","status":"publish","type":"page","link":"https:\/\/french-international-schools.com\/es\/politica-de-cookies\/","title":{"rendered":"Pol\u00edtica de cookies"},"content":{"rendered":"<div class=\"fusion-fullwidth fullwidth-box fusion-builder-row-1 fusion-flex-container nonhundred-percent-fullwidth non-hundred-percent-height-scrolling\" style=\"--awb-border-radius-top-left:0px;--awb-border-radius-top-right:0px;--awb-border-radius-bottom-right:0px;--awb-border-radius-bottom-left:0px;--awb-flex-wrap:wrap;\" ><div class=\"fusion-builder-row fusion-row fusion-flex-align-items-flex-start fusion-flex-content-wrap\" style=\"max-width:1216.8px;margin-left: calc(-4% \/ 2 );margin-right: calc(-4% \/ 2 );\"><div class=\"fusion-layout-column fusion_builder_column fusion-builder-column-0 fusion_builder_column_1_1 1_1 fusion-flex-column\" style=\"--awb-bg-size:cover;--awb-width-large:100%;--awb-margin-top-large:0px;--awb-spacing-right-large:1.92%;--awb-margin-bottom-large:0px;--awb-spacing-left-large:1.92%;--awb-width-medium:100%;--awb-spacing-right-medium:1.92%;--awb-spacing-left-medium:1.92%;--awb-width-small:100%;--awb-spacing-right-small:1.92%;--awb-spacing-left-small:1.92%;\"><div class=\"fusion-column-wrapper fusion-flex-justify-content-flex-start fusion-content-layout-column\"><div class=\"fusion-text fusion-text-1\"><p><strong>Pol\u00edtica de cookies<\/strong><\/p>\n<p>La presente pol\u00edtica de cookies tiene por finalidad facilitar informaci\u00f3n a los usuarios que naveguen en esta p\u00e1gina web y ofrecer informaci\u00f3n clara y transparente de las cookies almacenadas en efep.es es propiedad del Institut R\u00e9gional de Formation de la zone<\/p>\n<p>Europe Ib\u00e9rique &#8211; Lyc\u00e9e fran\u00e7ais de Barcelone, en adelante French International Schools.<\/p>\n<ol>\n<li><strong>\u00bfQu\u00e9 son las cookies?<\/strong><\/li>\n<\/ol>\n<p>Este sitio web utiliza cookies y\/o tecnolog\u00edas similares que almacenan y recuperan informaci\u00f3n cuando navegas. En general, estas tecnolog\u00edas pueden servir para finalidades muy diversas, como, por ejemplo, reconocerte como usuario, obtener informaci\u00f3n sobre tus h\u00e1bitos de navegaci\u00f3n o personalizar la forma en la que se muestra el contenido.<\/p>\n<ol start=\"2\">\n<li><strong>\u00bfQu\u00e9 tipo de cookies utilizamos en esta p\u00e1gina web?<\/strong><\/li>\n<\/ol>\n<p><strong>\u00a0<\/strong><\/p>\n<ul>\n<li>Cookies Funcional\/T\u00e9cnica: Permiten al usuario la navegaci\u00f3n a trav\u00e9s de la p\u00e1gina web y la utilizaci\u00f3n de las diferentes opciones o servicios que en ella existan, incluyendo aquellas que utilizamos para permitir la gesti\u00f3n y operativa de la p\u00e1gina web.<\/li>\n<\/ul>\n<p>Listado de cookies utilizadas por French International Schools<\/p>\n<table width=\"567\">\n<tbody>\n<tr>\n<td width=\"160\">Nombre<\/td>\n<td width=\"85\">Duraci\u00f3n<\/td>\n<td width=\"86\">Proveedor<\/td>\n<td width=\"236\">Descripci\u00f3n<\/td>\n<\/tr>\n<tr>\n<td width=\"160\">Privacy_embeds<\/td>\n<td width=\"85\">1 mes<\/td>\n<td width=\"86\">Avada Privacy Bar<\/td>\n<td width=\"236\">Cookie funcional. Permite almacenar las preferencias del usuario, como por ejemplo las preferencias del panel de cookies<\/td>\n<\/tr>\n<\/tbody>\n<\/table>\n<p>Asimismo, podr\u00e1s dependiendo del navegador podr\u00e1s encontrar otras cookies gestionadas por Google\/ Google Maps, las cookies mostradas pueden ser: Secure-ENID, AEC, SOCS, NID, CONSENT cuyas finalidades son de seguridad, para evitar el spam y el fraude y con fines anal\u00edticos. La integraci\u00f3n de estas cookies puede ser modificada en la configuraci\u00f3n de cookies de Google. Para m\u00e1s informaci\u00f3n de la pol\u00edtica de cookies de Google acceda a este enlace <a href=\"https:\/\/policies.google.com\/technologies\/cookies\">https:\/\/policies.google.com\/technologies\/cookies<\/a><\/p>\n<ol start=\"3\">\n<li><strong>Gestionar las cookies.<\/strong><\/li>\n<\/ol>\n<p>Puede permitir, bloquear o eliminar las cookies instaladas en su dispositivo a trav\u00e9s del men\u00fa de configuraci\u00f3n de su navegador de internet, pudiendo configurarlo para que bloquee las cookies o alerte al usuario cuando un servidor quiera guardarla. Los siguientes enlaces proporcionan informaci\u00f3n en relaci\u00f3n con c\u00f3mo configurar y\/o deshabilitar las cookies para cada uno de los principales navegadores del mercado a fin de que el usuario pueda decidir si acepta o no el uso de cookies.<\/p>\n<ul>\n<li>Microsoft Internet Explorer: men\u00fa Herramientas &gt; Opciones de Internet &gt; Privacidad &gt; Configuraci\u00f3n.<\/li>\n<li>Firefox: men\u00fa Herramientas &gt; Opciones &gt; Privacidad &gt; Cookies.<\/li>\n<li>Chrome: men\u00fa Opciones &gt; Opciones avanzadas &gt; Privacidad.<\/li>\n<li>Safari: men\u00fa Preferencias\/Privacidad.<\/li>\n<li>Safari para IOS (iPhone y iPad): Opci\u00f3n Ajustes &gt; Safari<\/li>\n<li>Chrome para Android: Configuraci\u00f3n &gt; Configuraci\u00f3n de sitios web &gt; Cookies<\/li>\n<\/ul>\n<p>Asimismo, puede implementar la inhabilitaci\u00f3n de Google Analytics para navegadores descargando e instalando en siguiente complemento desarrollado por Google en el siguiente enlace. <a href=\"https:\/\/tools.google.com\/dlpage\/gaoptout?hl=es_ES\">https:\/\/tools.google.com\/dlpage\/gaoptout?hl=es_ES<\/a><\/p>\n<ol start=\"4\">\n<li><strong>Enlaces externos.<\/strong><\/li>\n<\/ol>\n<p>French International Schools no se hace responsable de la pol\u00edtica de cookies que puedan estar establecidos en enlaces de terceros incluidos en esta p\u00e1gina web. Recomendamos leer las respectivas pol\u00edticas de cookies. French International Schools no guarda relaci\u00f3n con la utilizaci\u00f3n de las respectivas pol\u00edticas que se implementen en otros servidores web.<\/p>\n<ol start=\"5\">\n<li><strong>Datos de contacto.<\/strong><\/li>\n<\/ol>\n<p>Para cualquier duda o consulta con respecto de esta pol\u00edtica de cookies, puede acudir a:<\/p>\n<p>Institut R\u00e9gional de Formation de la zone Europe Ib\u00e9rique &#8211; Lyc\u00e9e fran\u00e7ais de Barcelone<\/p>\n<p>CIF: G08460222<\/p>\n<p>Domicilio social: Carrer Bosch i Gimpera, 6-10, Barcelona, 08034, Espa\u00f1a<\/p>\n<p>Tlfno: 93 252 57 26<\/p>\n<p>Email: irf@lfb.es<\/p>\n<p>Con la aceptaci\u00f3n de la presente pol\u00edtica de cookies queda informado y consiente los datos que puedan ser recabados en esta p\u00e1gina web.<\/p>\n<p>French International Schools se reserva el derecho a modificar y actualizar la presente pol\u00edtica de cookies, haciendo constar la \u00faltima fecha de modificaci\u00f3n<\/p>\n<p><strong>\u00daltima fecha de modificaci\u00f3n: 15\/03\/2024<\/strong><\/p>\n<\/div><\/div><\/div><\/div><\/div>\n","protected":false},"excerpt":{"rendered":"","protected":false},"author":7,"featured_media":0,"parent":0,"menu_order":0,"comment_status":"closed","ping_status":"closed","template":"","meta":{"_monsterinsights_skip_tracking":false,"_monsterinsights_sitenote_active":false,"_monsterinsights_sitenote_note":"","_monsterinsights_sitenote_category":0,"footnotes":""},"class_list":["post-10206","page","type-page","status-publish","hentry"],"yoast_head":"<!-- This site is optimized with the Yoast SEO plugin v27.1.1 - https:\/\/yoast.com\/product\/yoast-seo-wordpress\/ -->\n<title>Pol\u00edtica de cookies | French International Schools<\/title>\n<meta name=\"robots\" content=\"index, follow, max-snippet:-1, max-image-preview:large, max-video-preview:-1\" \/>\n<link rel=\"canonical\" href=\"https:\/\/french-international-schools.com\/politique-en-matiere-de-cookies-2\/\" \/>\n<meta property=\"og:locale\" content=\"es_ES\" \/>\n<meta property=\"og:type\" content=\"article\" \/>\n<meta property=\"og:title\" content=\"Pol\u00edtica de cookies | French International Schools\" \/>\n<meta property=\"og:url\" content=\"https:\/\/french-international-schools.com\/politique-en-matiere-de-cookies-2\/\" \/>\n<meta property=\"og:site_name\" content=\"French International Schools\" \/>\n<meta property=\"article:publisher\" content=\"https:\/\/www.facebook.com\/FrenchInternationalSchools\/\" \/>\n<meta property=\"article:modified_time\" content=\"2024-03-19T15:52:16+00:00\" \/>\n<meta property=\"og:image\" content=\"https:\/\/french-international-schools.com\/wp-content\/uploads\/2024\/03\/Logo-French-International-Schools.png\" \/>\n\t<meta property=\"og:image:width\" content=\"145\" \/>\n\t<meta property=\"og:image:height\" content=\"57\" \/>\n\t<meta property=\"og:image:type\" content=\"image\/png\" \/>\n<meta name=\"twitter:card\" content=\"summary_large_image\" \/>\n<meta name=\"twitter:label1\" content=\"Tiempo de lectura\" \/>\n\t<meta name=\"twitter:data1\" content=\"5 minutos\" \/>\n<script type=\"application\/ld+json\" class=\"yoast-schema-graph\">{\"@context\":\"https:\/\/schema.org\",\"@graph\":[{\"@type\":\"WebPage\",\"@id\":\"https:\/\/french-international-schools.com\/politique-en-matiere-de-cookies-2\/\",\"url\":\"https:\/\/french-international-schools.com\/politique-en-matiere-de-cookies-2\/\",\"name\":\"Pol\u00edtica de cookies | French International Schools\",\"isPartOf\":{\"@id\":\"https:\/\/french-international-schools.com\/#website\"},\"datePublished\":\"2017-11-27T10:25:43+00:00\",\"dateModified\":\"2024-03-19T15:52:16+00:00\",\"breadcrumb\":{\"@id\":\"https:\/\/french-international-schools.com\/politique-en-matiere-de-cookies-2\/#breadcrumb\"},\"inLanguage\":\"es\",\"potentialAction\":[{\"@type\":\"ReadAction\",\"target\":[\"https:\/\/french-international-schools.com\/politique-en-matiere-de-cookies-2\/\"]}]},{\"@type\":\"BreadcrumbList\",\"@id\":\"https:\/\/french-international-schools.com\/politique-en-matiere-de-cookies-2\/#breadcrumb\",\"itemListElement\":[{\"@type\":\"ListItem\",\"position\":1,\"name\":\"Accueil\",\"item\":\"https:\/\/french-international-schools.com\/es\/\"},{\"@type\":\"ListItem\",\"position\":2,\"name\":\"Pol\u00edtica de cookies\"}]},{\"@type\":\"WebSite\",\"@id\":\"https:\/\/french-international-schools.com\/#website\",\"url\":\"https:\/\/french-international-schools.com\/\",\"name\":\"French International Schools\",\"description\":\"\",\"publisher\":{\"@id\":\"https:\/\/french-international-schools.com\/#organization\"},\"potentialAction\":[{\"@type\":\"SearchAction\",\"target\":{\"@type\":\"EntryPoint\",\"urlTemplate\":\"https:\/\/french-international-schools.com\/?s={search_term_string}\"},\"query-input\":{\"@type\":\"PropertyValueSpecification\",\"valueRequired\":true,\"valueName\":\"search_term_string\"}}],\"inLanguage\":\"es\"},{\"@type\":\"Organization\",\"@id\":\"https:\/\/french-international-schools.com\/#organization\",\"name\":\"R\u00e9seau d'enseignement plurilingue fran\u00e7ais\",\"alternateName\":\"French International Schoolls\",\"url\":\"https:\/\/french-international-schools.com\/\",\"logo\":{\"@type\":\"ImageObject\",\"inLanguage\":\"es\",\"@id\":\"https:\/\/french-international-schools.com\/#\/schema\/logo\/image\/\",\"url\":\"https:\/\/french-international-schools.com\/wp-content\/uploads\/2024\/03\/Favicon.png\",\"contentUrl\":\"https:\/\/french-international-schools.com\/wp-content\/uploads\/2024\/03\/Favicon.png\",\"width\":84,\"height\":82,\"caption\":\"R\u00e9seau d'enseignement plurilingue fran\u00e7ais\"},\"image\":{\"@id\":\"https:\/\/french-international-schools.com\/#\/schema\/logo\/image\/\"},\"sameAs\":[\"https:\/\/www.facebook.com\/FrenchInternationalSchools\/\",\"https:\/\/www.instagram.com\/french_international_schools\",\"https:\/\/www.linkedin.com\/company\/french-international-schools\/posts\/?feedView=all\"]}]}<\/script>\n<!-- \/ Yoast SEO plugin. -->","yoast_head_json":{"title":"Pol\u00edtica de cookies | French International Schools","robots":{"index":"index","follow":"follow","max-snippet":"max-snippet:-1","max-image-preview":"max-image-preview:large","max-video-preview":"max-video-preview:-1"},"canonical":"https:\/\/french-international-schools.com\/politique-en-matiere-de-cookies-2\/","og_locale":"es_ES","og_type":"article","og_title":"Pol\u00edtica de cookies | French International Schools","og_url":"https:\/\/french-international-schools.com\/politique-en-matiere-de-cookies-2\/","og_site_name":"French International Schools","article_publisher":"https:\/\/www.facebook.com\/FrenchInternationalSchools\/","article_modified_time":"2024-03-19T15:52:16+00:00","og_image":[{"width":145,"height":57,"url":"https:\/\/french-international-schools.com\/wp-content\/uploads\/2024\/03\/Logo-French-International-Schools.png","type":"image\/png"}],"twitter_card":"summary_large_image","twitter_misc":{"Tiempo de lectura":"5 minutos"},"schema":{"@context":"https:\/\/schema.org","@graph":[{"@type":"WebPage","@id":"https:\/\/french-international-schools.com\/politique-en-matiere-de-cookies-2\/","url":"https:\/\/french-international-schools.com\/politique-en-matiere-de-cookies-2\/","name":"Pol\u00edtica de cookies | French International Schools","isPartOf":{"@id":"https:\/\/french-international-schools.com\/#website"},"datePublished":"2017-11-27T10:25:43+00:00","dateModified":"2024-03-19T15:52:16+00:00","breadcrumb":{"@id":"https:\/\/french-international-schools.com\/politique-en-matiere-de-cookies-2\/#breadcrumb"},"inLanguage":"es","potentialAction":[{"@type":"ReadAction","target":["https:\/\/french-international-schools.com\/politique-en-matiere-de-cookies-2\/"]}]},{"@type":"BreadcrumbList","@id":"https:\/\/french-international-schools.com\/politique-en-matiere-de-cookies-2\/#breadcrumb","itemListElement":[{"@type":"ListItem","position":1,"name":"Accueil","item":"https:\/\/french-international-schools.com\/es\/"},{"@type":"ListItem","position":2,"name":"Pol\u00edtica de cookies"}]},{"@type":"WebSite","@id":"https:\/\/french-international-schools.com\/#website","url":"https:\/\/french-international-schools.com\/","name":"French International Schools","description":"","publisher":{"@id":"https:\/\/french-international-schools.com\/#organization"},"potentialAction":[{"@type":"SearchAction","target":{"@type":"EntryPoint","urlTemplate":"https:\/\/french-international-schools.com\/?s={search_term_string}"},"query-input":{"@type":"PropertyValueSpecification","valueRequired":true,"valueName":"search_term_string"}}],"inLanguage":"es"},{"@type":"Organization","@id":"https:\/\/french-international-schools.com\/#organization","name":"R\u00e9seau d'enseignement plurilingue fran\u00e7ais","alternateName":"French International Schoolls","url":"https:\/\/french-international-schools.com\/","logo":{"@type":"ImageObject","inLanguage":"es","@id":"https:\/\/french-international-schools.com\/#\/schema\/logo\/image\/","url":"https:\/\/french-international-schools.com\/wp-content\/uploads\/2024\/03\/Favicon.png","contentUrl":"https:\/\/french-international-schools.com\/wp-content\/uploads\/2024\/03\/Favicon.png","width":84,"height":82,"caption":"R\u00e9seau d'enseignement plurilingue fran\u00e7ais"},"image":{"@id":"https:\/\/french-international-schools.com\/#\/schema\/logo\/image\/"},"sameAs":["https:\/\/www.facebook.com\/FrenchInternationalSchools\/","https:\/\/www.instagram.com\/french_international_schools","https:\/\/www.linkedin.com\/company\/french-international-schools\/posts\/?feedView=all"]}]}},"_links":{"self":[{"href":"https:\/\/french-international-schools.com\/es\/wp-json\/wp\/v2\/pages\/10206","targetHints":{"allow":["GET"]}}],"collection":[{"href":"https:\/\/french-international-schools.com\/es\/wp-json\/wp\/v2\/pages"}],"about":[{"href":"https:\/\/french-international-schools.com\/es\/wp-json\/wp\/v2\/types\/page"}],"author":[{"embeddable":true,"href":"https:\/\/french-international-schools.com\/es\/wp-json\/wp\/v2\/users\/7"}],"replies":[{"embeddable":true,"href":"https:\/\/french-international-schools.com\/es\/wp-json\/wp\/v2\/comments?post=10206"}],"version-history":[{"count":0,"href":"https:\/\/french-international-schools.com\/es\/wp-json\/wp\/v2\/pages\/10206\/revisions"}],"wp:attachment":[{"href":"https:\/\/french-international-schools.com\/es\/wp-json\/wp\/v2\/media?parent=10206"}],"curies":[{"name":"wp","href":"https:\/\/api.w.org\/{rel}","templated":true}]}}