{"id":16467,"date":"2024-03-19T16:49:51","date_gmt":"2024-03-19T15:49:51","guid":{"rendered":"https:\/\/efep.es\/?page_id=16467"},"modified":"2024-05-29T16:36:58","modified_gmt":"2024-05-29T14:36:58","slug":"aviso-legal","status":"publish","type":"page","link":"https:\/\/french-international-schools.com\/es\/aviso-legal\/","title":{"rendered":"Aviso legal"},"content":{"rendered":"<div class=\"fusion-fullwidth fullwidth-box fusion-builder-row-1 fusion-flex-container has-pattern-background has-mask-background nonhundred-percent-fullwidth non-hundred-percent-height-scrolling\" style=\"--awb-border-radius-top-left:0px;--awb-border-radius-top-right:0px;--awb-border-radius-bottom-right:0px;--awb-border-radius-bottom-left:0px;--awb-flex-wrap:wrap;\" ><div class=\"fusion-builder-row fusion-row fusion-flex-align-items-flex-start fusion-flex-content-wrap\" style=\"max-width:1216.8px;margin-left: calc(-4% \/ 2 );margin-right: calc(-4% \/ 2 );\"><div class=\"fusion-layout-column fusion_builder_column fusion-builder-column-0 fusion_builder_column_1_1 1_1 fusion-flex-column\" style=\"--awb-bg-size:cover;--awb-width-large:100%;--awb-margin-top-large:0px;--awb-spacing-right-large:1.92%;--awb-margin-bottom-large:20px;--awb-spacing-left-large:1.92%;--awb-width-medium:100%;--awb-order-medium:0;--awb-spacing-right-medium:1.92%;--awb-spacing-left-medium:1.92%;--awb-width-small:100%;--awb-order-small:0;--awb-spacing-right-small:1.92%;--awb-spacing-left-small:1.92%;\"><div class=\"fusion-column-wrapper fusion-column-has-shadow fusion-flex-justify-content-flex-start fusion-content-layout-column\"><div class=\"fusion-text fusion-text-1\"><p><strong>DATOS IDENTIFICADOS<\/strong><\/p>\n<p>El Institut R\u00e9gional de Formation de la zone Europe Ib\u00e9rique &#8211; Lyc\u00e9e fran\u00e7ais de Barcelone, responsable del sitio web y en adelante French Intenational Schools pone a disposici\u00f3n de los usuarios el presente documento, con el que pretende dar cumplimiento a las obligaciones dispuestas en la Ley 34\/2002, de 11 de julio, de Servicios de la Sociedad de la Informaci\u00f3n y de Comercio Electr\u00f3nico (LSSICE), as\u00ed como informar a todos los usuarios del sitio web respecto a cu\u00e1les son las condiciones de uso.<\/p>\n<p>Toda persona que acceda a este sitio web asume el papel de usuario, comprometi\u00e9ndose a la observancia y cumplimiento riguroso de las disposiciones aqu\u00ed dispuestas, as\u00ed como a cualquier otra disposici\u00f3n legal que fuera de aplicaci\u00f3n.<\/p>\n<p>El Institut R\u00e9gional de Formation de la zone Europe Ib\u00e9rique &#8211; Lyc\u00e9e fran\u00e7ais de Barcelone se reserva el derecho de modificar cualquier tipo de informaci\u00f3n que pudiera aparecer en el sitio web, sin que exista obligaci\u00f3n de preavisar o poner en conocimiento de los usuarios dichas obligaciones, entendi\u00e9ndose como suficiente la publicaci\u00f3n en el sitio web de Institut R\u00e9gional de Formation de la zone Europe Ib\u00e9rique &#8211; Lyc\u00e9e fran\u00e7ais de Barcelone.<\/p>\n<table width=\"641\">\n<tbody>\n<tr>\n<td width=\"320\">Datos Identificativos<\/td>\n<td width=\"320\">Institut R\u00e9gional de Formation de la zone Europe Ib\u00e9rique &#8211; Lyc\u00e9e fran\u00e7ais de Barcelone<\/td>\n<\/tr>\n<tr>\n<td width=\"320\">DOMICILIO SOCIAL<\/td>\n<td width=\"320\">Carrer Bosch i Gimpera, 6-10, Barcelona, 08034, Espa\u00f1a<\/td>\n<\/tr>\n<tr>\n<td width=\"320\">CIF<\/td>\n<td width=\"320\">G08460222<\/td>\n<\/tr>\n<tr>\n<td width=\"320\">URL<\/td>\n<td width=\"320\">https:\/\/french-international-schools.com<\/td>\n<\/tr>\n<\/tbody>\n<\/table>\n<p><strong>CONTACTO PROTECCI\u00d3N DE DATOS <\/strong><\/p>\n<table width=\"633\">\n<tbody>\n<tr>\n<td width=\"320\">Contacto Postal<\/td>\n<td width=\"320\">Service de Coop\u00e9ration et d\u2019Action Culturelle &#8211; P\u00f4le scolaire<\/td>\n<\/tr>\n<tr>\n<td width=\"320\"><\/td>\n<td width=\"320\">C\/ Marqu\u00e9s de la Ensenada, 10, CP.28004 (Madrid)<\/td>\n<\/tr>\n<tr>\n<td width=\"320\">Contacto e-mail<\/td>\n<td width=\"320\">info@french-international-schools.com<\/td>\n<\/tr>\n<tr>\n<td width=\"320\">URL<\/td>\n<td width=\"320\">https:\/\/ efep.es<\/td>\n<\/tr>\n<\/tbody>\n<\/table>\n<p><strong>DATOS Y VISITAS A LA P\u00c1GINA WEB<\/strong><\/p>\n<p>La informaci\u00f3n o datos personales que nos facilite sobre usted ser\u00e1n tratados con arreglo a lo establecido en las Pol\u00edticas de Protecci\u00f3n de Datos que encontrar\u00e1 dentro de la Pol\u00edtica de privacidad. El uso de esta p\u00e1gina web implica el consentimiento al tratamiento de dicha informaci\u00f3n y datos. Declara que toda la informaci\u00f3n o datos facilitados son veraces.<\/p>\n<ul>\n<li>Facilitar\u00e1 la informaci\u00f3n obligatoria para la prestaci\u00f3n del servicio.<\/li>\n<\/ul>\n<p><strong>USO Y PROHIBICIONES<\/strong><\/p>\n<p>El Usuario se obliga a usar la web, los servicios y sus contenidos de forma diligente, correcta y l\u00edcita y en particular, abstenerse de:<\/p>\n<ul>\n<li>Suprimir, eludir o manipular el \u201ccopyright\u201d y dem\u00e1s datos identificativos de los derechos de sus titulares incorporados a los contenidos, as\u00ed como los dispositivos t\u00e9cnicos de protecci\u00f3n, o cualesquiera mecanismos de informaci\u00f3n que pudieren contener los contenidos.<\/li>\n<\/ul>\n<ul>\n<li>Introducir programas, virus, o cualquier otro dispositivo l\u00f3gico o secuencia de caracteres que causen o sean susceptibles de causar una alteraci\u00f3n en la p\u00e1gina web o los sistemas inform\u00e1ticos que la soportan.<\/li>\n<\/ul>\n<ul>\n<li>Usar o instalar programas o dispositivos capaces de invalidar los controles o contrase\u00f1as de seguridad establecidos, estando igualmente prohibido descifrar las claves, sistemas o algoritmos de cifrado o cualquier otro elemento de seguridad de la p\u00e1gina web o cualquiera de sus usuarios.<\/li>\n<\/ul>\n<ul>\n<li>Realizar copia o captura de pantallas de la p\u00e1gina web sin autorizaci\u00f3n expresa por el titular.<\/li>\n<\/ul>\n<ul>\n<li>Efectuar copias o versiones de la p\u00e1gina web o su c\u00f3digo fuente sin el consentimiento expreso.<\/li>\n<\/ul>\n<ul>\n<li>Comportamientos contrarios a la Ley o la buena fe o que fueran constitutivos de delito<\/li>\n<\/ul>\n<p><strong>EXCLUSI\u00d3N DE RESPONSABILIDAD<\/strong><\/p>\n<p>French International Schools no se hace responsable de las p\u00e9rdidas o perjuicios que pueda ocasionar al usuario por virus, indisponibilidad o cualquier otro comportamiento an\u00f3malo de la p\u00e1gina web.<\/p>\n<p>Hemos adoptado todas las medidas de seguridad a su alcance y seg\u00fan el estado actual de la t\u00e9cnica, para garantizar el correcto funcionamiento de la web y evitar la generaci\u00f3n de cualquier tipo de da\u00f1o al usuario. Si detecta alg\u00fan contenido inapropiado o que infrinja la Ley o derechos de terceros, puede comunicarlo a nuestra direcci\u00f3n de email<\/p>\n<p><strong>\u00a0<\/strong><\/p>\n<p><strong>Declinamos <\/strong>cualquier responsabilidad por los servicios y\/o informaci\u00f3n que se preste en otras p\u00e1ginas enlazadas con esta Web. French International Schools no controla ni ejerce ning\u00fan tipo de supervisi\u00f3n sobre las p\u00e1ginas enlazadas. Los usuarios que utilicen estos enlaces deber\u00e1n consultar las condiciones legales expuestas en las p\u00e1ginas de destino.<\/p>\n<p><strong>REGISTRO USUARIOS<\/strong><\/p>\n<p>No se permite el registro como usuarios a menores de edad. El titular del dominio se reserva el derecho a verificar la informaci\u00f3n facilitada por el usuario. Una vez registrado en nuestra web, podr\u00e1 ejercitar cualquiera de los derechos expuestos en la pol\u00edtica de privacidad.<\/p>\n<p>Se advierte al usuario que podr\u00e1n ser rechazadas las peticiones de registro realizadas de forma fraudulenta o vulnerando normas o derechos de terceros, pudiendo adem\u00e1s ser dados de baja como usuarios si infringen las presentes condiciones legales. Los usuarios ser\u00e1n responsables por cualquier acci\u00f3n llevada a cabo con su nombre de usuario o su cuenta. Adem\u00e1s, ser\u00e1n responsables del uso y confidencialidad de su contrase\u00f1a de acceso a su cuenta.<\/p>\n<p>El usuario se compromete a no realizar las siguientes conductas:<\/p>\n<ul>\n<li>Suplantaci\u00f3n de identidad<\/li>\n<li>Informaci\u00f3n falsa o perteneciente a terceros<\/li>\n<li>Cesi\u00f3n del nombre y clave de usuario<\/li>\n<li>Suplantar identidades, proporcionar informaci\u00f3n falsa o perteneciente a otras personas en su registro o perfil de usuario.<\/li>\n<li>Introducir contenidos que vulneren derechos de propiedad intelectual o industrial, o incurrir en actividades il\u00edcitas, ilegales o contrarias a la buena fe y al orden p\u00fablico.<\/li>\n<li>Introducir o difundir contenidos o propaganda de car\u00e1cter racista, xen\u00f3fobo, pornogr\u00e1fico, apolog\u00eda del terrorismo o atentatorio contra derechos de terceros.<\/li>\n<li>Realizar comentarios en la p\u00e1gina que insulten, calumnien o falten a la debida consideraci\u00f3n a otros usuarios registrados.<\/li>\n<li>Provocar da\u00f1os en los sistemas f\u00edsicos y l\u00f3gicos<\/li>\n<li>Intentar acceder y, en su caso, utilizar las cuentas de otros usuarios y modificar o manipular sus mensajes o contenidos.<\/li>\n<\/ul>\n<p><strong>PROPIEDAD INDUSTRIAL E INTELECTUAL<\/strong><\/p>\n<p>El sitio web, incluyendo a t\u00edtulo enunciativo pero no limitativo su programaci\u00f3n, edici\u00f3n, compilaci\u00f3n y dem\u00e1s elementos necesarios para su funcionamiento, los dise\u00f1os, logotipos, texto y\/o gr\u00e1ficos, son propiedad de French International Schools, si es el caso, dispone de licencia o autorizaci\u00f3n expresa por parte de los autores.<\/p>\n<p>Todos los contenidos del sitio web se encuentran debidamente protegidos por la normativa de propiedad intelectual e industrial, as\u00ed como inscritos en los registros p\u00fablicos correspondientes. Independientemente de la finalidad para la que fueran destinados, la reproducci\u00f3n total o parcial, uso, explotaci\u00f3n, distribuci\u00f3n y comercializaci\u00f3n, requiere en todo caso la autorizaci\u00f3n escrita previa por parte de French International Schools. C<\/p>\n<p>ualquier uso no autorizado previamente se considera un incumplimiento grave de los derechos de propiedad intelectual o industrial del autor. Los dise\u00f1os, logotipos, texto y\/o gr\u00e1ficos ajenos a French International Schools y que pudieran aparecer en el sitio web, pertenecen a sus respectivos propietarios, siendo ellos mismos responsables de cualquier posible controversia que pudiera suscitarse respecto a los mismos.<\/p>\n<p>Para realizar cualquier tipo de observaci\u00f3n respecto a posibles incumplimientos de los derechos de propiedad intelectual o industrial, as\u00ed como sobre cualquiera de los contenidos del sitio web, puede hacerlo a trav\u00e9s del correo electr\u00f3nico <a href=\"mailto:irf.@lfb.es\">irf.@lfb.es<\/a>.<\/p>\n<p><strong>LINKS EN NUESTRA P\u00c1GINA WEB<\/strong><\/p>\n<p>Los links facilitados en nuestra p\u00e1gina web ser\u00e1n facilitados \u00fanicamente a efectos informativos, sin que French International Schools<strong> tenga<\/strong> control alguno sobre el contenido de dichas p\u00e1ginas web o materiales. No se acepta responsabilidad alguna por cualquier da\u00f1o o p\u00e9rdida derivados de su uso.<\/p>\n<p><strong>LEGISLACI\u00d3N APLICABLE Y JURISDICCI\u00d3N<\/strong><\/p>\n<p>Para la resoluci\u00f3n de todas las controversias o cuestiones relacionadas con el presente sitio web o de las actividades en \u00e9l desarrolladas, ser\u00e1 de aplicaci\u00f3n la legislaci\u00f3n espa\u00f1ola, a la que se someten expresamente las partes, siendo competentes para la resoluci\u00f3n de todos los conflictos derivados o relacionados con su uso los Juzgados y Tribunales del domicilio del USUARIO o el lugar del cumplimiento de la obligaci\u00f3n.<\/p>\n<p><strong>MODIFICACI\u00d3N DE LAS PRESENTES CONDICIONES Y DURACI\u00d3N<\/strong><\/p>\n<p>French International Schools podr\u00e1 modificar en cualquier momento las condiciones aqu\u00ed determinadas. Se reserva el derecho de efectuar sin previo aviso las modificaciones oportunas pudiendo cambiar, suprimir o a\u00f1adir contenidos o modificar la manera en la que aparecen presentados. La vigencia de las citadas condiciones estar\u00e1 vigente hasta que sea modificada por otras debidamente publicadas.<\/p>\n<p><strong>ACEPTACI\u00d3N DE T\u00c9RMINOS Y CONDICIONES<\/strong><\/p>\n<p>Al navegar por nuestra p\u00e1gina web, as\u00ed como al solicitar los servicios que en ella puedan ofertarse, el usuario confirma haber comprendido el aviso legal aqu\u00ed reproducido. El usuario queda suficientemente informado de los t\u00e9rminos y condiciones que rigen el uso de dicha p\u00e1gina y de sus servicios.<\/p>\n<\/div><\/div><\/div><\/div><\/div>\n","protected":false},"excerpt":{"rendered":"","protected":false},"author":1001102,"featured_media":0,"parent":0,"menu_order":0,"comment_status":"closed","ping_status":"closed","template":"","meta":{"_monsterinsights_skip_tracking":false,"_monsterinsights_sitenote_active":false,"_monsterinsights_sitenote_note":"","_monsterinsights_sitenote_category":0,"footnotes":""},"class_list":["post-16467","page","type-page","status-publish","hentry"],"yoast_head":"<!-- This site is optimized with the Yoast SEO plugin v27.1.1 - https:\/\/yoast.com\/product\/yoast-seo-wordpress\/ -->\n<title>Aviso legal | French International Schools<\/title>\n<meta name=\"robots\" content=\"index, follow, max-snippet:-1, max-image-preview:large, max-video-preview:-1\" \/>\n<link rel=\"canonical\" href=\"https:\/\/french-international-schools.com\/es\/aviso-legal\/\" \/>\n<meta property=\"og:locale\" content=\"es_ES\" \/>\n<meta property=\"og:type\" content=\"article\" \/>\n<meta property=\"og:title\" content=\"Aviso legal | French International Schools\" \/>\n<meta property=\"og:url\" content=\"https:\/\/french-international-schools.com\/es\/aviso-legal\/\" \/>\n<meta property=\"og:site_name\" content=\"French International Schools\" \/>\n<meta property=\"article:publisher\" content=\"https:\/\/www.facebook.com\/FrenchInternationalSchools\/\" \/>\n<meta property=\"article:modified_time\" content=\"2024-05-29T14:36:58+00:00\" \/>\n<meta property=\"og:image\" content=\"https:\/\/french-international-schools.com\/wp-content\/uploads\/2024\/03\/Logo-French-International-Schools.png\" \/>\n\t<meta property=\"og:image:width\" content=\"145\" \/>\n\t<meta property=\"og:image:height\" content=\"57\" \/>\n\t<meta property=\"og:image:type\" content=\"image\/png\" \/>\n<meta name=\"twitter:card\" content=\"summary_large_image\" \/>\n<meta name=\"twitter:label1\" content=\"Tiempo de lectura\" \/>\n\t<meta name=\"twitter:data1\" content=\"12 minutos\" \/>\n<script type=\"application\/ld+json\" class=\"yoast-schema-graph\">{\"@context\":\"https:\/\/schema.org\",\"@graph\":[{\"@type\":\"WebPage\",\"@id\":\"https:\/\/french-international-schools.com\/es\/aviso-legal\/\",\"url\":\"https:\/\/french-international-schools.com\/es\/aviso-legal\/\",\"name\":\"Aviso legal | French International Schools\",\"isPartOf\":{\"@id\":\"https:\/\/french-international-schools.com\/#website\"},\"datePublished\":\"2024-03-19T15:49:51+00:00\",\"dateModified\":\"2024-05-29T14:36:58+00:00\",\"breadcrumb\":{\"@id\":\"https:\/\/french-international-schools.com\/es\/aviso-legal\/#breadcrumb\"},\"inLanguage\":\"es\",\"potentialAction\":[{\"@type\":\"ReadAction\",\"target\":[\"https:\/\/french-international-schools.com\/es\/aviso-legal\/\"]}]},{\"@type\":\"BreadcrumbList\",\"@id\":\"https:\/\/french-international-schools.com\/es\/aviso-legal\/#breadcrumb\",\"itemListElement\":[{\"@type\":\"ListItem\",\"position\":1,\"name\":\"Accueil\",\"item\":\"https:\/\/french-international-schools.com\/es\/\"},{\"@type\":\"ListItem\",\"position\":2,\"name\":\"Aviso legal\"}]},{\"@type\":\"WebSite\",\"@id\":\"https:\/\/french-international-schools.com\/#website\",\"url\":\"https:\/\/french-international-schools.com\/\",\"name\":\"French International Schools\",\"description\":\"\",\"publisher\":{\"@id\":\"https:\/\/french-international-schools.com\/#organization\"},\"potentialAction\":[{\"@type\":\"SearchAction\",\"target\":{\"@type\":\"EntryPoint\",\"urlTemplate\":\"https:\/\/french-international-schools.com\/?s={search_term_string}\"},\"query-input\":{\"@type\":\"PropertyValueSpecification\",\"valueRequired\":true,\"valueName\":\"search_term_string\"}}],\"inLanguage\":\"es\"},{\"@type\":\"Organization\",\"@id\":\"https:\/\/french-international-schools.com\/#organization\",\"name\":\"R\u00e9seau d'enseignement plurilingue fran\u00e7ais\",\"alternateName\":\"French International Schoolls\",\"url\":\"https:\/\/french-international-schools.com\/\",\"logo\":{\"@type\":\"ImageObject\",\"inLanguage\":\"es\",\"@id\":\"https:\/\/french-international-schools.com\/#\/schema\/logo\/image\/\",\"url\":\"https:\/\/french-international-schools.com\/wp-content\/uploads\/2024\/03\/Favicon.png\",\"contentUrl\":\"https:\/\/french-international-schools.com\/wp-content\/uploads\/2024\/03\/Favicon.png\",\"width\":84,\"height\":82,\"caption\":\"R\u00e9seau d'enseignement plurilingue fran\u00e7ais\"},\"image\":{\"@id\":\"https:\/\/french-international-schools.com\/#\/schema\/logo\/image\/\"},\"sameAs\":[\"https:\/\/www.facebook.com\/FrenchInternationalSchools\/\",\"https:\/\/www.instagram.com\/french_international_schools\",\"https:\/\/www.linkedin.com\/company\/french-international-schools\/posts\/?feedView=all\"]}]}<\/script>\n<!-- \/ Yoast SEO plugin. -->","yoast_head_json":{"title":"Aviso legal | French International Schools","robots":{"index":"index","follow":"follow","max-snippet":"max-snippet:-1","max-image-preview":"max-image-preview:large","max-video-preview":"max-video-preview:-1"},"canonical":"https:\/\/french-international-schools.com\/es\/aviso-legal\/","og_locale":"es_ES","og_type":"article","og_title":"Aviso legal | French International Schools","og_url":"https:\/\/french-international-schools.com\/es\/aviso-legal\/","og_site_name":"French International Schools","article_publisher":"https:\/\/www.facebook.com\/FrenchInternationalSchools\/","article_modified_time":"2024-05-29T14:36:58+00:00","og_image":[{"width":145,"height":57,"url":"https:\/\/french-international-schools.com\/wp-content\/uploads\/2024\/03\/Logo-French-International-Schools.png","type":"image\/png"}],"twitter_card":"summary_large_image","twitter_misc":{"Tiempo de lectura":"12 minutos"},"schema":{"@context":"https:\/\/schema.org","@graph":[{"@type":"WebPage","@id":"https:\/\/french-international-schools.com\/es\/aviso-legal\/","url":"https:\/\/french-international-schools.com\/es\/aviso-legal\/","name":"Aviso legal | French International Schools","isPartOf":{"@id":"https:\/\/french-international-schools.com\/#website"},"datePublished":"2024-03-19T15:49:51+00:00","dateModified":"2024-05-29T14:36:58+00:00","breadcrumb":{"@id":"https:\/\/french-international-schools.com\/es\/aviso-legal\/#breadcrumb"},"inLanguage":"es","potentialAction":[{"@type":"ReadAction","target":["https:\/\/french-international-schools.com\/es\/aviso-legal\/"]}]},{"@type":"BreadcrumbList","@id":"https:\/\/french-international-schools.com\/es\/aviso-legal\/#breadcrumb","itemListElement":[{"@type":"ListItem","position":1,"name":"Accueil","item":"https:\/\/french-international-schools.com\/es\/"},{"@type":"ListItem","position":2,"name":"Aviso legal"}]},{"@type":"WebSite","@id":"https:\/\/french-international-schools.com\/#website","url":"https:\/\/french-international-schools.com\/","name":"French International Schools","description":"","publisher":{"@id":"https:\/\/french-international-schools.com\/#organization"},"potentialAction":[{"@type":"SearchAction","target":{"@type":"EntryPoint","urlTemplate":"https:\/\/french-international-schools.com\/?s={search_term_string}"},"query-input":{"@type":"PropertyValueSpecification","valueRequired":true,"valueName":"search_term_string"}}],"inLanguage":"es"},{"@type":"Organization","@id":"https:\/\/french-international-schools.com\/#organization","name":"R\u00e9seau d'enseignement plurilingue fran\u00e7ais","alternateName":"French International Schoolls","url":"https:\/\/french-international-schools.com\/","logo":{"@type":"ImageObject","inLanguage":"es","@id":"https:\/\/french-international-schools.com\/#\/schema\/logo\/image\/","url":"https:\/\/french-international-schools.com\/wp-content\/uploads\/2024\/03\/Favicon.png","contentUrl":"https:\/\/french-international-schools.com\/wp-content\/uploads\/2024\/03\/Favicon.png","width":84,"height":82,"caption":"R\u00e9seau d'enseignement plurilingue fran\u00e7ais"},"image":{"@id":"https:\/\/french-international-schools.com\/#\/schema\/logo\/image\/"},"sameAs":["https:\/\/www.facebook.com\/FrenchInternationalSchools\/","https:\/\/www.instagram.com\/french_international_schools","https:\/\/www.linkedin.com\/company\/french-international-schools\/posts\/?feedView=all"]}]}},"_links":{"self":[{"href":"https:\/\/french-international-schools.com\/es\/wp-json\/wp\/v2\/pages\/16467","targetHints":{"allow":["GET"]}}],"collection":[{"href":"https:\/\/french-international-schools.com\/es\/wp-json\/wp\/v2\/pages"}],"about":[{"href":"https:\/\/french-international-schools.com\/es\/wp-json\/wp\/v2\/types\/page"}],"author":[{"embeddable":true,"href":"https:\/\/french-international-schools.com\/es\/wp-json\/wp\/v2\/users\/1001102"}],"replies":[{"embeddable":true,"href":"https:\/\/french-international-schools.com\/es\/wp-json\/wp\/v2\/comments?post=16467"}],"version-history":[{"count":0,"href":"https:\/\/french-international-schools.com\/es\/wp-json\/wp\/v2\/pages\/16467\/revisions"}],"wp:attachment":[{"href":"https:\/\/french-international-schools.com\/es\/wp-json\/wp\/v2\/media?parent=16467"}],"curies":[{"name":"wp","href":"https:\/\/api.w.org\/{rel}","templated":true}]}}