{"id":1974,"date":"2014-01-31T12:32:59","date_gmt":"2014-01-31T11:32:59","guid":{"rendered":"https:\/\/efep.es\/?page_id=1974"},"modified":"2023-02-07T13:29:38","modified_gmt":"2023-02-07T12:29:38","slug":"oferta-extra-escolar","status":"publish","type":"page","link":"https:\/\/french-international-schools.com\/es\/sistema-educativo\/oferta-extra-escolar\/","title":{"rendered":"Oferta extra escolar"},"content":{"rendered":"<p><div class=\"fusion-fullwidth fullwidth-box fusion-builder-row-1 fusion-flex-container nonhundred-percent-fullwidth non-hundred-percent-height-scrolling\" style=\"--awb-border-radius-top-left:0px;--awb-border-radius-top-right:0px;--awb-border-radius-bottom-right:0px;--awb-border-radius-bottom-left:0px;--awb-flex-wrap:wrap;\" ><div class=\"fusion-builder-row fusion-row fusion-flex-align-items-flex-start fusion-flex-content-wrap\" style=\"max-width:1216.8px;margin-left: calc(-4% \/ 2 );margin-right: calc(-4% \/ 2 );\"><div class=\"fusion-layout-column fusion_builder_column fusion-builder-column-0 fusion_builder_column_1_1 1_1 fusion-flex-column\" style=\"--awb-bg-size:cover;--awb-width-large:100%;--awb-margin-top-large:0px;--awb-spacing-right-large:1.92%;--awb-margin-bottom-large:0px;--awb-spacing-left-large:1.92%;--awb-width-medium:100%;--awb-spacing-right-medium:1.92%;--awb-spacing-left-medium:1.92%;--awb-width-small:100%;--awb-spacing-right-small:1.92%;--awb-spacing-left-small:1.92%;\"><div class=\"fusion-column-wrapper fusion-flex-justify-content-flex-start fusion-content-layout-column\"><div class=\"fusion-text fusion-text-1\"><p style=\"text-align: justify;\">Todos los centros proponen, fuera del horario escolar un gran n\u00famero de actividades deportivas, art\u00edsticas, ling\u00fc\u00edsticas y culturales en grupos reducidos.<\/p>\n<p style=\"text-align: justify;\">Estas actividades extraescolares contribuyen al desarrollo de los ni\u00f1os, al aprendizaje de la vida social y al refuerzo del aprendizaje en el marco de la complementariedad de la ense\u00f1anza en clase. Las familias pueden elegir las actividades seg\u00fan las necesidades y deseos de sus hijos. Estas actividades contribuyen a la educaci\u00f3n global de los ni\u00f1os y se conf\u00edan a profesionales cualificados en colaboraci\u00f3n con las asociaciones. Los ni\u00f1os pueden as\u00ed movilizar sus conocimientos en distintos \u00e1mbitos (actividades deportivas, expresi\u00f3n oral o art\u00edstica, educaci\u00f3n digital, etc.) en un contexto diferente.<\/p>\n<p style=\"text-align: justify;\">Los establecimientos tambi\u00e9n ofrecen servicios de guarder\u00eda (por la ma\u00f1ana y por la tarde), transporte y comidas escolares.<\/p>\n<\/div><\/div><\/div><\/div><\/div><div class=\"fusion-fullwidth fullwidth-box fusion-builder-row-2 fusion-flex-container nonhundred-percent-fullwidth non-hundred-percent-height-scrolling\" style=\"--awb-border-radius-top-left:0px;--awb-border-radius-top-right:0px;--awb-border-radius-bottom-right:0px;--awb-border-radius-bottom-left:0px;--awb-flex-wrap:wrap;\" ><div class=\"fusion-builder-row fusion-row fusion-flex-align-items-flex-start fusion-flex-content-wrap\" style=\"max-width:1216.8px;margin-left: calc(-4% \/ 2 );margin-right: calc(-4% \/ 2 );\"><div class=\"fusion-layout-column fusion_builder_column fusion-builder-column-1 fusion_builder_column_1_1 1_1 fusion-flex-column\" style=\"--awb-bg-size:cover;--awb-width-large:100%;--awb-margin-top-large:0px;--awb-spacing-right-large:1.92%;--awb-margin-bottom-large:0px;--awb-spacing-left-large:1.92%;--awb-width-medium:100%;--awb-spacing-right-medium:1.92%;--awb-spacing-left-medium:1.92%;--awb-width-small:100%;--awb-spacing-right-small:1.92%;--awb-spacing-left-small:1.92%;\"><div class=\"fusion-column-wrapper fusion-flex-justify-content-flex-start fusion-content-layout-column\"><div class=\"fusion-text fusion-text-2\"><p><img decoding=\"async\" class=\"aligncenter size-full wp-image-1613\" src=\"https:\/\/french-international-schools.com\/wp-content\/uploads\/2013\/09\/Mosaique-Opti.png\" alt=\"Mosaique Opti\" width=\"640\" height=\"1190\" srcset=\"https:\/\/french-international-schools.com\/wp-content\/uploads\/2013\/09\/Mosaique-Opti-161x300.png 161w, https:\/\/french-international-schools.com\/wp-content\/uploads\/2013\/09\/Mosaique-Opti-550x1024.png 550w, https:\/\/french-international-schools.com\/wp-content\/uploads\/2013\/09\/Mosaique-Opti.png 640w\" sizes=\"(max-width: 640px) 100vw, 640px\" \/><\/p>\n<\/div><\/div><\/div><\/div><\/div><\/p>\n","protected":false},"excerpt":{"rendered":"","protected":false},"author":7,"featured_media":0,"parent":1993,"menu_order":3,"comment_status":"open","ping_status":"closed","template":"100-width.php","meta":{"_monsterinsights_skip_tracking":false,"_monsterinsights_sitenote_active":false,"_monsterinsights_sitenote_note":"","_monsterinsights_sitenote_category":0,"footnotes":""},"class_list":["post-1974","page","type-page","status-publish","hentry"],"yoast_head":"<!-- This site is optimized with the Yoast SEO plugin v27.1.1 - https:\/\/yoast.com\/product\/yoast-seo-wordpress\/ -->\n<title>Oferta extra escolar | French International Schools<\/title>\n<meta name=\"robots\" content=\"index, follow, max-snippet:-1, max-image-preview:large, max-video-preview:-1\" \/>\n<link rel=\"canonical\" href=\"https:\/\/french-international-schools.com\/systeme-educatif\/loffre-extra-scolaire\/\" \/>\n<meta property=\"og:locale\" content=\"es_ES\" \/>\n<meta property=\"og:type\" content=\"article\" \/>\n<meta property=\"og:title\" content=\"Oferta extra escolar | French International Schools\" \/>\n<meta property=\"og:url\" content=\"https:\/\/french-international-schools.com\/systeme-educatif\/loffre-extra-scolaire\/\" \/>\n<meta property=\"og:site_name\" content=\"French International Schools\" \/>\n<meta property=\"article:publisher\" content=\"https:\/\/www.facebook.com\/FrenchInternationalSchools\/\" \/>\n<meta property=\"article:modified_time\" content=\"2023-02-07T12:29:38+00:00\" \/>\n<meta property=\"og:image\" content=\"https:\/\/french-international-schools.com\/wp-content\/uploads\/2013\/09\/Mosaique-Opti.png\" \/>\n<meta name=\"twitter:card\" content=\"summary_large_image\" \/>\n<meta name=\"twitter:label1\" content=\"Tiempo de lectura\" \/>\n\t<meta name=\"twitter:data1\" content=\"3 minutos\" \/>\n<script type=\"application\/ld+json\" class=\"yoast-schema-graph\">{\"@context\":\"https:\/\/schema.org\",\"@graph\":[{\"@type\":\"WebPage\",\"@id\":\"https:\/\/french-international-schools.com\/systeme-educatif\/loffre-extra-scolaire\/\",\"url\":\"https:\/\/french-international-schools.com\/systeme-educatif\/loffre-extra-scolaire\/\",\"name\":\"Oferta extra escolar | French International Schools\",\"isPartOf\":{\"@id\":\"https:\/\/french-international-schools.com\/#website\"},\"primaryImageOfPage\":{\"@id\":\"https:\/\/french-international-schools.com\/systeme-educatif\/loffre-extra-scolaire\/#primaryimage\"},\"image\":{\"@id\":\"https:\/\/french-international-schools.com\/systeme-educatif\/loffre-extra-scolaire\/#primaryimage\"},\"thumbnailUrl\":\"https:\/\/french-international-schools.com\/wp-content\/uploads\/2013\/09\/Mosaique-Opti.png\",\"datePublished\":\"2014-01-31T11:32:59+00:00\",\"dateModified\":\"2023-02-07T12:29:38+00:00\",\"breadcrumb\":{\"@id\":\"https:\/\/french-international-schools.com\/systeme-educatif\/loffre-extra-scolaire\/#breadcrumb\"},\"inLanguage\":\"es\",\"potentialAction\":[{\"@type\":\"ReadAction\",\"target\":[\"https:\/\/french-international-schools.com\/systeme-educatif\/loffre-extra-scolaire\/\"]}]},{\"@type\":\"ImageObject\",\"inLanguage\":\"es\",\"@id\":\"https:\/\/french-international-schools.com\/systeme-educatif\/loffre-extra-scolaire\/#primaryimage\",\"url\":\"https:\/\/french-international-schools.com\/wp-content\/uploads\/2013\/09\/Mosaique-Opti.png\",\"contentUrl\":\"https:\/\/french-international-schools.com\/wp-content\/uploads\/2013\/09\/Mosaique-Opti.png\"},{\"@type\":\"BreadcrumbList\",\"@id\":\"https:\/\/french-international-schools.com\/systeme-educatif\/loffre-extra-scolaire\/#breadcrumb\",\"itemListElement\":[{\"@type\":\"ListItem\",\"position\":1,\"name\":\"Accueil\",\"item\":\"https:\/\/french-international-schools.com\/es\/\"},{\"@type\":\"ListItem\",\"position\":2,\"name\":\"Sistema educativo\",\"item\":\"https:\/\/french-international-schools.com\/es\/sistema-educativo\/\"},{\"@type\":\"ListItem\",\"position\":3,\"name\":\"Oferta extra escolar\"}]},{\"@type\":\"WebSite\",\"@id\":\"https:\/\/french-international-schools.com\/#website\",\"url\":\"https:\/\/french-international-schools.com\/\",\"name\":\"French International Schools\",\"description\":\"\",\"publisher\":{\"@id\":\"https:\/\/french-international-schools.com\/#organization\"},\"potentialAction\":[{\"@type\":\"SearchAction\",\"target\":{\"@type\":\"EntryPoint\",\"urlTemplate\":\"https:\/\/french-international-schools.com\/?s={search_term_string}\"},\"query-input\":{\"@type\":\"PropertyValueSpecification\",\"valueRequired\":true,\"valueName\":\"search_term_string\"}}],\"inLanguage\":\"es\"},{\"@type\":\"Organization\",\"@id\":\"https:\/\/french-international-schools.com\/#organization\",\"name\":\"R\u00e9seau d'enseignement plurilingue fran\u00e7ais\",\"alternateName\":\"French International Schoolls\",\"url\":\"https:\/\/french-international-schools.com\/\",\"logo\":{\"@type\":\"ImageObject\",\"inLanguage\":\"es\",\"@id\":\"https:\/\/french-international-schools.com\/#\/schema\/logo\/image\/\",\"url\":\"https:\/\/french-international-schools.com\/wp-content\/uploads\/2024\/03\/Favicon.png\",\"contentUrl\":\"https:\/\/french-international-schools.com\/wp-content\/uploads\/2024\/03\/Favicon.png\",\"width\":84,\"height\":82,\"caption\":\"R\u00e9seau d'enseignement plurilingue fran\u00e7ais\"},\"image\":{\"@id\":\"https:\/\/french-international-schools.com\/#\/schema\/logo\/image\/\"},\"sameAs\":[\"https:\/\/www.facebook.com\/FrenchInternationalSchools\/\",\"https:\/\/www.instagram.com\/french_international_schools\",\"https:\/\/www.linkedin.com\/company\/french-international-schools\/posts\/?feedView=all\"]}]}<\/script>\n<!-- \/ Yoast SEO plugin. -->","yoast_head_json":{"title":"Oferta extra escolar | French International Schools","robots":{"index":"index","follow":"follow","max-snippet":"max-snippet:-1","max-image-preview":"max-image-preview:large","max-video-preview":"max-video-preview:-1"},"canonical":"https:\/\/french-international-schools.com\/systeme-educatif\/loffre-extra-scolaire\/","og_locale":"es_ES","og_type":"article","og_title":"Oferta extra escolar | French International Schools","og_url":"https:\/\/french-international-schools.com\/systeme-educatif\/loffre-extra-scolaire\/","og_site_name":"French International Schools","article_publisher":"https:\/\/www.facebook.com\/FrenchInternationalSchools\/","article_modified_time":"2023-02-07T12:29:38+00:00","og_image":[{"url":"https:\/\/french-international-schools.com\/wp-content\/uploads\/2013\/09\/Mosaique-Opti.png","type":"","width":"","height":""}],"twitter_card":"summary_large_image","twitter_misc":{"Tiempo de lectura":"3 minutos"},"schema":{"@context":"https:\/\/schema.org","@graph":[{"@type":"WebPage","@id":"https:\/\/french-international-schools.com\/systeme-educatif\/loffre-extra-scolaire\/","url":"https:\/\/french-international-schools.com\/systeme-educatif\/loffre-extra-scolaire\/","name":"Oferta extra escolar | French International Schools","isPartOf":{"@id":"https:\/\/french-international-schools.com\/#website"},"primaryImageOfPage":{"@id":"https:\/\/french-international-schools.com\/systeme-educatif\/loffre-extra-scolaire\/#primaryimage"},"image":{"@id":"https:\/\/french-international-schools.com\/systeme-educatif\/loffre-extra-scolaire\/#primaryimage"},"thumbnailUrl":"https:\/\/french-international-schools.com\/wp-content\/uploads\/2013\/09\/Mosaique-Opti.png","datePublished":"2014-01-31T11:32:59+00:00","dateModified":"2023-02-07T12:29:38+00:00","breadcrumb":{"@id":"https:\/\/french-international-schools.com\/systeme-educatif\/loffre-extra-scolaire\/#breadcrumb"},"inLanguage":"es","potentialAction":[{"@type":"ReadAction","target":["https:\/\/french-international-schools.com\/systeme-educatif\/loffre-extra-scolaire\/"]}]},{"@type":"ImageObject","inLanguage":"es","@id":"https:\/\/french-international-schools.com\/systeme-educatif\/loffre-extra-scolaire\/#primaryimage","url":"https:\/\/french-international-schools.com\/wp-content\/uploads\/2013\/09\/Mosaique-Opti.png","contentUrl":"https:\/\/french-international-schools.com\/wp-content\/uploads\/2013\/09\/Mosaique-Opti.png"},{"@type":"BreadcrumbList","@id":"https:\/\/french-international-schools.com\/systeme-educatif\/loffre-extra-scolaire\/#breadcrumb","itemListElement":[{"@type":"ListItem","position":1,"name":"Accueil","item":"https:\/\/french-international-schools.com\/es\/"},{"@type":"ListItem","position":2,"name":"Sistema educativo","item":"https:\/\/french-international-schools.com\/es\/sistema-educativo\/"},{"@type":"ListItem","position":3,"name":"Oferta extra escolar"}]},{"@type":"WebSite","@id":"https:\/\/french-international-schools.com\/#website","url":"https:\/\/french-international-schools.com\/","name":"French International Schools","description":"","publisher":{"@id":"https:\/\/french-international-schools.com\/#organization"},"potentialAction":[{"@type":"SearchAction","target":{"@type":"EntryPoint","urlTemplate":"https:\/\/french-international-schools.com\/?s={search_term_string}"},"query-input":{"@type":"PropertyValueSpecification","valueRequired":true,"valueName":"search_term_string"}}],"inLanguage":"es"},{"@type":"Organization","@id":"https:\/\/french-international-schools.com\/#organization","name":"R\u00e9seau d'enseignement plurilingue fran\u00e7ais","alternateName":"French International Schoolls","url":"https:\/\/french-international-schools.com\/","logo":{"@type":"ImageObject","inLanguage":"es","@id":"https:\/\/french-international-schools.com\/#\/schema\/logo\/image\/","url":"https:\/\/french-international-schools.com\/wp-content\/uploads\/2024\/03\/Favicon.png","contentUrl":"https:\/\/french-international-schools.com\/wp-content\/uploads\/2024\/03\/Favicon.png","width":84,"height":82,"caption":"R\u00e9seau d'enseignement plurilingue fran\u00e7ais"},"image":{"@id":"https:\/\/french-international-schools.com\/#\/schema\/logo\/image\/"},"sameAs":["https:\/\/www.facebook.com\/FrenchInternationalSchools\/","https:\/\/www.instagram.com\/french_international_schools","https:\/\/www.linkedin.com\/company\/french-international-schools\/posts\/?feedView=all"]}]}},"_links":{"self":[{"href":"https:\/\/french-international-schools.com\/es\/wp-json\/wp\/v2\/pages\/1974","targetHints":{"allow":["GET"]}}],"collection":[{"href":"https:\/\/french-international-schools.com\/es\/wp-json\/wp\/v2\/pages"}],"about":[{"href":"https:\/\/french-international-schools.com\/es\/wp-json\/wp\/v2\/types\/page"}],"author":[{"embeddable":true,"href":"https:\/\/french-international-schools.com\/es\/wp-json\/wp\/v2\/users\/7"}],"replies":[{"embeddable":true,"href":"https:\/\/french-international-schools.com\/es\/wp-json\/wp\/v2\/comments?post=1974"}],"version-history":[{"count":0,"href":"https:\/\/french-international-schools.com\/es\/wp-json\/wp\/v2\/pages\/1974\/revisions"}],"up":[{"embeddable":true,"href":"https:\/\/french-international-schools.com\/es\/wp-json\/wp\/v2\/pages\/1993"}],"wp:attachment":[{"href":"https:\/\/french-international-schools.com\/es\/wp-json\/wp\/v2\/media?parent=1974"}],"curies":[{"name":"wp","href":"https:\/\/api.w.org\/{rel}","templated":true}]}}