{"id":2189,"date":"2014-02-08T18:03:04","date_gmt":"2014-02-08T17:03:04","guid":{"rendered":"https:\/\/efep.es\/?page_id=2189"},"modified":"2019-07-24T16:36:55","modified_gmt":"2019-07-24T14:36:55","slug":"mas-informacion-sobre-orientacion","status":"publish","type":"page","link":"https:\/\/french-international-schools.com\/es\/sistema-educativo\/especifidades-de-los-establecimientos\/mas-informacion-sobre-orientacion\/","title":{"rendered":"M\u00e1s informaci\u00f3n sobre Orientaci\u00f3n"},"content":{"rendered":"<p><img decoding=\"async\" class=\"aligncenter size-full wp-image-1892\" src=\"https:\/\/french-international-schools.com\/wp-content\/uploads\/2014\/01\/CDI-3-Visite-ecrivain-Opti.jpg\" alt=\"CDI 3 Visite-ecrivain Opti\" width=\"600\" height=\"400\" srcset=\"https:\/\/french-international-schools.com\/wp-content\/uploads\/2014\/01\/CDI-3-Visite-ecrivain-Opti-300x200.jpg 300w, https:\/\/french-international-schools.com\/wp-content\/uploads\/2014\/01\/CDI-3-Visite-ecrivain-Opti.jpg 600w\" sizes=\"(max-width: 600px) 100vw, 600px\" \/><\/p>\n<p>&nbsp;<\/p>\n<div class=\"fusion-fullwidth fullwidth-box fusion-builder-row-1 fusion-flex-container hundred-percent-fullwidth non-hundred-percent-height-scrolling\" style=\"--awb-border-radius-top-left:0px;--awb-border-radius-top-right:0px;--awb-border-radius-bottom-right:0px;--awb-border-radius-bottom-left:0px;--awb-overflow:visible;--awb-flex-wrap:wrap;\" ><div class=\"fusion-builder-row fusion-row fusion-flex-align-items-flex-start fusion-flex-content-wrap\" style=\"width:calc( 100% + 0px ) !important;max-width:calc( 100% + 0px ) !important;margin-left: calc(-0px \/ 2 );margin-right: calc(-0px \/ 2 );\"><div class=\"fusion-layout-column fusion_builder_column fusion-builder-column-0 fusion_builder_column_1_1 1_1 fusion-flex-column fusion-flex-align-self-flex-start fusion-column-no-min-height\" style=\"--awb-bg-size:cover;--awb-width-large:100%;--awb-margin-top-large:0px;--awb-spacing-right-large:0px;--awb-margin-bottom-large:0px;--awb-spacing-left-large:0px;--awb-width-medium:100%;--awb-spacing-right-medium:0px;--awb-spacing-left-medium:0px;--awb-width-small:100%;--awb-spacing-right-small:0px;--awb-spacing-left-small:0px;\"><div class=\"fusion-column-wrapper fusion-flex-justify-content-flex-start fusion-content-layout-column\"><div class=\"fusion-tabs fusion-tabs-1 classic nav-is-justified horizontal-tabs icon-position-left mobile-mode-accordion\" style=\"--awb-title-border-radius-top-left:0px;--awb-title-border-radius-top-right:0px;--awb-title-border-radius-bottom-right:0px;--awb-title-border-radius-bottom-left:0px;--awb-inactive-color:var(--awb-color2);--awb-background-color:var(--awb-color1);--awb-border-color:var(--awb-color3);--awb-active-border-color:#0e2137;\"><div class=\"nav\"><ul class=\"nav-tabs nav-justified\" role=\"tablist\"><\/ul><\/div><div class=\"tab-content\"><\/div><\/div>\n<div class=\"tab-pane fade fusion-clearfix in active\" role=\"tabpanel\" tabindex=\"0\" aria-labelledby=\"fusion-tab-\"><\/div>\n<p>Puede descargarse la Carta de Orientaci\u00f3n de los Liceos franceses de Espa\u00f1a y Portugal haciendo clic en este enlace:<\/p>\n<div class=\"accordian fusion-accordian\" style=\"--awb-border-size:1px;--awb-icon-size:16px;--awb-content-font-size:var(--awb-typography4-font-size);--awb-icon-alignment:left;--awb-hover-color:var(--awb-color2);--awb-border-color:var(--awb-color3);--awb-background-color:var(--awb-color1);--awb-divider-color:var(--awb-color3);--awb-divider-hover-color:var(--awb-color3);--awb-icon-color:var(--awb-color1);--awb-title-color:var(--awb-color8);--awb-content-color:var(--awb-color8);--awb-icon-box-color:var(--awb-color8);--awb-toggle-hover-accent-color:var(--awb-color5);--awb-title-font-family:var(--awb-typography1-font-family);--awb-title-font-weight:var(--awb-typography1-font-weight);--awb-title-font-style:var(--awb-typography1-font-style);--awb-title-font-size:16px;--awb-title-letter-spacing:-.0178571px;--awb-title-line-height:140%;--awb-content-font-family:var(--awb-typography4-font-family);--awb-content-font-weight:var(--awb-typography4-font-weight);--awb-content-font-style:var(--awb-typography4-font-style);\"><div class=\"panel-group fusion-toggle-icon-boxed\" id=\"accordion-2189-1\"><\/div><\/div><div class=\"fusion-panel panel-default panel-f492a369c815db4d5 fusion-toggle-has-divider\"><div class=\"panel-heading\"><h4 class=\"panel-title toggle\" id=\"toggle_f492a369c815db4d5\"><a class=\"active\" aria-expanded=\"true\" aria-controls=\"f492a369c815db4d5\" role=\"button\" data-toggle=\"collapse\" data-parent=\"#accordion-2189-2\" data-target=\"#f492a369c815db4d5\" href=\"#f492a369c815db4d5\"><span class=\"fusion-toggle-icon-wrapper\" aria-hidden=\"true\"><i class=\"fa-fusion-box active-icon awb-icon-minus\" aria-hidden=\"true\"><\/i><i class=\"fa-fusion-box inactive-icon awb-icon-plus\" aria-hidden=\"true\"><\/i><\/span><span class=\"fusion-toggle-heading\">Lettres d'orientation publi\u00e9es en 2017-2018<\/span><\/a><\/h4><\/div><div id=\"f492a369c815db4d5\" class=\"panel-collapse collapse in\" aria-labelledby=\"toggle_f492a369c815db4d5\"><div class=\"panel-body toggle-content fusion-clearfix\"><\/div><\/div><\/div>\n<p><span style=\"color: #000080;\"><strong><a style=\"color: #000080;\" href=\"https:\/\/french-international-schools.com\/wp-content\/uploads\/2014\/02\/Estudios-superiores-n\u00ba1-Que-hacer-despues-del-BAC.pdf\" target=\"_blank\" rel=\"noopener noreferrer\">Estudios superiores n\u00ba1 &#8211; Qu\u00e9 hacer despu\u00e9s del BAC<\/a><\/strong><\/span><\/p>\n<p><span style=\"color: #000080;\"><strong><a style=\"color: #000080;\" href=\"https:\/\/french-international-schools.com\/wp-content\/uploads\/2014\/02\/Estudios-superiores-n\u00ba2-IEP.pdf\">Estudios superiores n\u00ba2 &#8211; IEP<\/a><\/strong><\/span><\/p>\n<p><span style=\"color: #000080;\"><strong><a style=\"color: #000080;\" href=\"https:\/\/french-international-schools.com\/wp-content\/uploads\/2014\/02\/Estudios-superiores-n\u00ba3-PARCOURSUP.pdf\">Estudios superiores n\u00ba3 &#8211; PARCOURSUP<\/a><\/strong><\/span><\/p>\n<p><span style=\"color: #000080;\"><strong><a style=\"color: #000080;\" href=\"https:\/\/french-international-schools.com\/wp-content\/uploads\/2014\/02\/Estudios-superiores-n\u00ba4-Escuelas-de-ingenier\u00eda.pdf\">Estudios superiores n\u00ba4 &#8211; Escuelas de ingenier\u00eda<\/a><\/strong><\/span><\/p>\n<p><span style=\"color: #000080;\"><strong><a style=\"color: #000080;\" href=\"https:\/\/french-international-schools.com\/wp-content\/uploads\/2014\/02\/Estudios-superiores-n\u00ba5-Escuelas-de-negocios.pdf\">Estudios superiores n\u00ba5 &#8211; Escuelas de negocios<\/a><\/strong><\/span><\/p>\n<p><span style=\"color: #000080;\"><strong><a style=\"color: #000080;\" href=\"https:\/\/french-international-schools.com\/wp-content\/uploads\/2014\/02\/Estudios-superiores-n\u00ba6-Estudios-superiores-en-Espa\u00f1a.pdf\">Estudios superiores n\u00ba6 &#8211; Estudios superiores en Espa\u00f1a<\/a><\/strong><\/span><\/p>\n<div class=\"accordian fusion-accordian\" style=\"--awb-border-size:1px;--awb-icon-size:16px;--awb-content-font-size:var(--awb-typography4-font-size);--awb-icon-alignment:left;--awb-hover-color:var(--awb-color2);--awb-border-color:var(--awb-color3);--awb-background-color:var(--awb-color1);--awb-divider-color:var(--awb-color3);--awb-divider-hover-color:var(--awb-color3);--awb-icon-color:var(--awb-color1);--awb-title-color:var(--awb-color8);--awb-content-color:var(--awb-color8);--awb-icon-box-color:var(--awb-color8);--awb-toggle-hover-accent-color:var(--awb-color5);--awb-title-font-family:var(--awb-typography1-font-family);--awb-title-font-weight:var(--awb-typography1-font-weight);--awb-title-font-style:var(--awb-typography1-font-style);--awb-title-font-size:16px;--awb-title-letter-spacing:-.0178571px;--awb-title-line-height:140%;--awb-content-font-family:var(--awb-typography4-font-family);--awb-content-font-weight:var(--awb-typography4-font-weight);--awb-content-font-style:var(--awb-typography4-font-style);\"><div class=\"panel-group fusion-toggle-icon-boxed\" id=\"accordion-2189-2\"><\/div><\/div><div class=\"fusion-panel panel-default panel-b52812dbb7c002b61 fusion-toggle-has-divider\"><div class=\"panel-heading\"><h4 class=\"panel-title toggle\" id=\"toggle_b52812dbb7c002b61\"><a class=\"active\" aria-expanded=\"true\" aria-controls=\"b52812dbb7c002b61\" role=\"button\" data-toggle=\"collapse\" data-parent=\"#accordion-2189-3\" data-target=\"#b52812dbb7c002b61\" href=\"#b52812dbb7c002b61\"><span class=\"fusion-toggle-icon-wrapper\" aria-hidden=\"true\"><i class=\"fa-fusion-box active-icon awb-icon-minus\" aria-hidden=\"true\"><\/i><i class=\"fa-fusion-box inactive-icon awb-icon-plus\" aria-hidden=\"true\"><\/i><\/span><span class=\"fusion-toggle-heading\">Lettres d'orientation publi\u00e9es en 2016-2017<\/span><\/a><\/h4><\/div><div id=\"b52812dbb7c002b61\" class=\"panel-collapse collapse in\" aria-labelledby=\"toggle_b52812dbb7c002b61\"><div class=\"panel-body toggle-content fusion-clearfix\"><\/div><\/div><\/div>\n<p><strong><a href=\"Informaci\u00f3n sobre la orientaci\u00f3n n\u00ba1\" target=\"_blank\" rel=\"noopener noreferrer\">Informaci\u00f3n sobre la orientaci\u00f3n n\u00ba1<\/a><\/strong><\/p>\n<p><strong><a href=\"https:\/\/french-international-schools.com\/wp-content\/uploads\/2014\/02\/Informaci\u00f3n-sobre-la-orientaci\u00f3n-n\u00ba2.pdf\" target=\"_blank\" rel=\"noopener noreferrer\">Informaci\u00f3n sobre la orientaci\u00f3n n\u00ba2<\/a><\/strong><\/p>\n<p><strong><a href=\"https:\/\/french-international-schools.com\/wp-content\/uploads\/2014\/02\/Informaci\u00f3n-sobre-la-orientaci\u00f3n-n\u00ba3.pdf\" target=\"_blank\" rel=\"noopener noreferrer\">Informaci\u00f3n sobre la orientaci\u00f3n n\u00ba3<\/a><\/strong><\/p>\n<p><strong><a href=\"https:\/\/french-international-schools.com\/wp-content\/uploads\/2014\/02\/informacion-sobre-la-orientacion-n\u00ba4.pdf\" target=\"_blank\" rel=\"noopener noreferrer\">Informaci\u00f3n sobre la orientaci\u00f3n n\u00ba4<\/a><\/strong><\/p>\n<p><strong><a href=\"https:\/\/french-international-schools.com\/wp-content\/uploads\/2014\/02\/lettre-orientation-5-esp.pdf\" target=\"_blank\" rel=\"noopener noreferrer\">Informaci\u00f3n sobre la orientaci\u00f3n n\u00ba5<\/a><\/strong><\/p>\n<p>&nbsp;<\/p>\n<p>&nbsp;<\/p>\n<\/div><\/div><\/div><\/div>\n","protected":false},"excerpt":{"rendered":"<p>&nbsp;<\/p>\n","protected":false},"author":7,"featured_media":0,"parent":2075,"menu_order":1,"comment_status":"open","ping_status":"closed","template":"100-width.php","meta":{"_monsterinsights_skip_tracking":false,"_monsterinsights_sitenote_active":false,"_monsterinsights_sitenote_note":"","_monsterinsights_sitenote_category":0,"footnotes":""},"class_list":["post-2189","page","type-page","status-publish","hentry"],"yoast_head":"<!-- This site is optimized with the Yoast SEO plugin v27.1.1 - https:\/\/yoast.com\/product\/yoast-seo-wordpress\/ -->\n<title>M\u00e1s informaci\u00f3n sobre Orientaci\u00f3n | French International Schools<\/title>\n<meta name=\"robots\" content=\"index, follow, max-snippet:-1, max-image-preview:large, max-video-preview:-1\" \/>\n<link rel=\"canonical\" href=\"https:\/\/french-international-schools.com\/es\/sistema-educativo\/especifidades-de-los-establecimientos\/mas-informacion-sobre-orientacion\/\" \/>\n<meta property=\"og:locale\" content=\"es_ES\" \/>\n<meta property=\"og:type\" content=\"article\" \/>\n<meta property=\"og:title\" content=\"M\u00e1s informaci\u00f3n sobre Orientaci\u00f3n | French International Schools\" \/>\n<meta property=\"og:description\" content=\"&nbsp;\" \/>\n<meta property=\"og:url\" content=\"https:\/\/french-international-schools.com\/es\/sistema-educativo\/especifidades-de-los-establecimientos\/mas-informacion-sobre-orientacion\/\" \/>\n<meta property=\"og:site_name\" content=\"French International Schools\" \/>\n<meta property=\"article:publisher\" content=\"https:\/\/www.facebook.com\/FrenchInternationalSchools\/\" \/>\n<meta property=\"article:modified_time\" content=\"2019-07-24T14:36:55+00:00\" \/>\n<meta property=\"og:image\" content=\"https:\/\/french-international-schools.com\/wp-content\/uploads\/2014\/01\/CDI-3-Visite-ecrivain-Opti.jpg\" \/>\n<meta name=\"twitter:card\" content=\"summary_large_image\" \/>\n<meta name=\"twitter:label1\" content=\"Tiempo de lectura\" \/>\n\t<meta name=\"twitter:data1\" content=\"1 minuto\" \/>\n<script type=\"application\/ld+json\" class=\"yoast-schema-graph\">{\"@context\":\"https:\/\/schema.org\",\"@graph\":[{\"@type\":\"WebPage\",\"@id\":\"https:\/\/french-international-schools.com\/es\/sistema-educativo\/especifidades-de-los-establecimientos\/mas-informacion-sobre-orientacion\/\",\"url\":\"https:\/\/french-international-schools.com\/es\/sistema-educativo\/especifidades-de-los-establecimientos\/mas-informacion-sobre-orientacion\/\",\"name\":\"M\u00e1s informaci\u00f3n sobre Orientaci\u00f3n | French International Schools\",\"isPartOf\":{\"@id\":\"https:\/\/french-international-schools.com\/#website\"},\"primaryImageOfPage\":{\"@id\":\"https:\/\/french-international-schools.com\/es\/sistema-educativo\/especifidades-de-los-establecimientos\/mas-informacion-sobre-orientacion\/#primaryimage\"},\"image\":{\"@id\":\"https:\/\/french-international-schools.com\/es\/sistema-educativo\/especifidades-de-los-establecimientos\/mas-informacion-sobre-orientacion\/#primaryimage\"},\"thumbnailUrl\":\"https:\/\/french-international-schools.com\/wp-content\/uploads\/2014\/01\/CDI-3-Visite-ecrivain-Opti.jpg\",\"datePublished\":\"2014-02-08T17:03:04+00:00\",\"dateModified\":\"2019-07-24T14:36:55+00:00\",\"breadcrumb\":{\"@id\":\"https:\/\/french-international-schools.com\/es\/sistema-educativo\/especifidades-de-los-establecimientos\/mas-informacion-sobre-orientacion\/#breadcrumb\"},\"inLanguage\":\"es\",\"potentialAction\":[{\"@type\":\"ReadAction\",\"target\":[\"https:\/\/french-international-schools.com\/es\/sistema-educativo\/especifidades-de-los-establecimientos\/mas-informacion-sobre-orientacion\/\"]}]},{\"@type\":\"ImageObject\",\"inLanguage\":\"es\",\"@id\":\"https:\/\/french-international-schools.com\/es\/sistema-educativo\/especifidades-de-los-establecimientos\/mas-informacion-sobre-orientacion\/#primaryimage\",\"url\":\"https:\/\/french-international-schools.com\/wp-content\/uploads\/2014\/01\/CDI-3-Visite-ecrivain-Opti.jpg\",\"contentUrl\":\"https:\/\/french-international-schools.com\/wp-content\/uploads\/2014\/01\/CDI-3-Visite-ecrivain-Opti.jpg\"},{\"@type\":\"BreadcrumbList\",\"@id\":\"https:\/\/french-international-schools.com\/es\/sistema-educativo\/especifidades-de-los-establecimientos\/mas-informacion-sobre-orientacion\/#breadcrumb\",\"itemListElement\":[{\"@type\":\"ListItem\",\"position\":1,\"name\":\"Accueil\",\"item\":\"https:\/\/french-international-schools.com\/es\/\"},{\"@type\":\"ListItem\",\"position\":2,\"name\":\"Sistema educativo\",\"item\":\"https:\/\/french-international-schools.com\/es\/sistema-educativo\/\"},{\"@type\":\"ListItem\",\"position\":3,\"name\":\"Especifidades\",\"item\":\"https:\/\/french-international-schools.com\/es\/sistema-educativo\/especifidades-de-los-establecimientos\/\"},{\"@type\":\"ListItem\",\"position\":4,\"name\":\"M\u00e1s informaci\u00f3n sobre Orientaci\u00f3n\"}]},{\"@type\":\"WebSite\",\"@id\":\"https:\/\/french-international-schools.com\/#website\",\"url\":\"https:\/\/french-international-schools.com\/\",\"name\":\"French International Schools\",\"description\":\"\",\"publisher\":{\"@id\":\"https:\/\/french-international-schools.com\/#organization\"},\"potentialAction\":[{\"@type\":\"SearchAction\",\"target\":{\"@type\":\"EntryPoint\",\"urlTemplate\":\"https:\/\/french-international-schools.com\/?s={search_term_string}\"},\"query-input\":{\"@type\":\"PropertyValueSpecification\",\"valueRequired\":true,\"valueName\":\"search_term_string\"}}],\"inLanguage\":\"es\"},{\"@type\":\"Organization\",\"@id\":\"https:\/\/french-international-schools.com\/#organization\",\"name\":\"R\u00e9seau d'enseignement plurilingue fran\u00e7ais\",\"alternateName\":\"French International Schoolls\",\"url\":\"https:\/\/french-international-schools.com\/\",\"logo\":{\"@type\":\"ImageObject\",\"inLanguage\":\"es\",\"@id\":\"https:\/\/french-international-schools.com\/#\/schema\/logo\/image\/\",\"url\":\"https:\/\/french-international-schools.com\/wp-content\/uploads\/2024\/03\/Favicon.png\",\"contentUrl\":\"https:\/\/french-international-schools.com\/wp-content\/uploads\/2024\/03\/Favicon.png\",\"width\":84,\"height\":82,\"caption\":\"R\u00e9seau d'enseignement plurilingue fran\u00e7ais\"},\"image\":{\"@id\":\"https:\/\/french-international-schools.com\/#\/schema\/logo\/image\/\"},\"sameAs\":[\"https:\/\/www.facebook.com\/FrenchInternationalSchools\/\",\"https:\/\/www.instagram.com\/french_international_schools\",\"https:\/\/www.linkedin.com\/company\/french-international-schools\/posts\/?feedView=all\"]}]}<\/script>\n<!-- \/ Yoast SEO plugin. -->","yoast_head_json":{"title":"M\u00e1s informaci\u00f3n sobre Orientaci\u00f3n | French International Schools","robots":{"index":"index","follow":"follow","max-snippet":"max-snippet:-1","max-image-preview":"max-image-preview:large","max-video-preview":"max-video-preview:-1"},"canonical":"https:\/\/french-international-schools.com\/es\/sistema-educativo\/especifidades-de-los-establecimientos\/mas-informacion-sobre-orientacion\/","og_locale":"es_ES","og_type":"article","og_title":"M\u00e1s informaci\u00f3n sobre Orientaci\u00f3n | French International Schools","og_description":"&nbsp;","og_url":"https:\/\/french-international-schools.com\/es\/sistema-educativo\/especifidades-de-los-establecimientos\/mas-informacion-sobre-orientacion\/","og_site_name":"French International Schools","article_publisher":"https:\/\/www.facebook.com\/FrenchInternationalSchools\/","article_modified_time":"2019-07-24T14:36:55+00:00","og_image":[{"url":"https:\/\/french-international-schools.com\/wp-content\/uploads\/2014\/01\/CDI-3-Visite-ecrivain-Opti.jpg","type":"","width":"","height":""}],"twitter_card":"summary_large_image","twitter_misc":{"Tiempo de lectura":"1 minuto"},"schema":{"@context":"https:\/\/schema.org","@graph":[{"@type":"WebPage","@id":"https:\/\/french-international-schools.com\/es\/sistema-educativo\/especifidades-de-los-establecimientos\/mas-informacion-sobre-orientacion\/","url":"https:\/\/french-international-schools.com\/es\/sistema-educativo\/especifidades-de-los-establecimientos\/mas-informacion-sobre-orientacion\/","name":"M\u00e1s informaci\u00f3n sobre Orientaci\u00f3n | French International Schools","isPartOf":{"@id":"https:\/\/french-international-schools.com\/#website"},"primaryImageOfPage":{"@id":"https:\/\/french-international-schools.com\/es\/sistema-educativo\/especifidades-de-los-establecimientos\/mas-informacion-sobre-orientacion\/#primaryimage"},"image":{"@id":"https:\/\/french-international-schools.com\/es\/sistema-educativo\/especifidades-de-los-establecimientos\/mas-informacion-sobre-orientacion\/#primaryimage"},"thumbnailUrl":"https:\/\/french-international-schools.com\/wp-content\/uploads\/2014\/01\/CDI-3-Visite-ecrivain-Opti.jpg","datePublished":"2014-02-08T17:03:04+00:00","dateModified":"2019-07-24T14:36:55+00:00","breadcrumb":{"@id":"https:\/\/french-international-schools.com\/es\/sistema-educativo\/especifidades-de-los-establecimientos\/mas-informacion-sobre-orientacion\/#breadcrumb"},"inLanguage":"es","potentialAction":[{"@type":"ReadAction","target":["https:\/\/french-international-schools.com\/es\/sistema-educativo\/especifidades-de-los-establecimientos\/mas-informacion-sobre-orientacion\/"]}]},{"@type":"ImageObject","inLanguage":"es","@id":"https:\/\/french-international-schools.com\/es\/sistema-educativo\/especifidades-de-los-establecimientos\/mas-informacion-sobre-orientacion\/#primaryimage","url":"https:\/\/french-international-schools.com\/wp-content\/uploads\/2014\/01\/CDI-3-Visite-ecrivain-Opti.jpg","contentUrl":"https:\/\/french-international-schools.com\/wp-content\/uploads\/2014\/01\/CDI-3-Visite-ecrivain-Opti.jpg"},{"@type":"BreadcrumbList","@id":"https:\/\/french-international-schools.com\/es\/sistema-educativo\/especifidades-de-los-establecimientos\/mas-informacion-sobre-orientacion\/#breadcrumb","itemListElement":[{"@type":"ListItem","position":1,"name":"Accueil","item":"https:\/\/french-international-schools.com\/es\/"},{"@type":"ListItem","position":2,"name":"Sistema educativo","item":"https:\/\/french-international-schools.com\/es\/sistema-educativo\/"},{"@type":"ListItem","position":3,"name":"Especifidades","item":"https:\/\/french-international-schools.com\/es\/sistema-educativo\/especifidades-de-los-establecimientos\/"},{"@type":"ListItem","position":4,"name":"M\u00e1s informaci\u00f3n sobre Orientaci\u00f3n"}]},{"@type":"WebSite","@id":"https:\/\/french-international-schools.com\/#website","url":"https:\/\/french-international-schools.com\/","name":"French International Schools","description":"","publisher":{"@id":"https:\/\/french-international-schools.com\/#organization"},"potentialAction":[{"@type":"SearchAction","target":{"@type":"EntryPoint","urlTemplate":"https:\/\/french-international-schools.com\/?s={search_term_string}"},"query-input":{"@type":"PropertyValueSpecification","valueRequired":true,"valueName":"search_term_string"}}],"inLanguage":"es"},{"@type":"Organization","@id":"https:\/\/french-international-schools.com\/#organization","name":"R\u00e9seau d'enseignement plurilingue fran\u00e7ais","alternateName":"French International Schoolls","url":"https:\/\/french-international-schools.com\/","logo":{"@type":"ImageObject","inLanguage":"es","@id":"https:\/\/french-international-schools.com\/#\/schema\/logo\/image\/","url":"https:\/\/french-international-schools.com\/wp-content\/uploads\/2024\/03\/Favicon.png","contentUrl":"https:\/\/french-international-schools.com\/wp-content\/uploads\/2024\/03\/Favicon.png","width":84,"height":82,"caption":"R\u00e9seau d'enseignement plurilingue fran\u00e7ais"},"image":{"@id":"https:\/\/french-international-schools.com\/#\/schema\/logo\/image\/"},"sameAs":["https:\/\/www.facebook.com\/FrenchInternationalSchools\/","https:\/\/www.instagram.com\/french_international_schools","https:\/\/www.linkedin.com\/company\/french-international-schools\/posts\/?feedView=all"]}]}},"_links":{"self":[{"href":"https:\/\/french-international-schools.com\/es\/wp-json\/wp\/v2\/pages\/2189","targetHints":{"allow":["GET"]}}],"collection":[{"href":"https:\/\/french-international-schools.com\/es\/wp-json\/wp\/v2\/pages"}],"about":[{"href":"https:\/\/french-international-schools.com\/es\/wp-json\/wp\/v2\/types\/page"}],"author":[{"embeddable":true,"href":"https:\/\/french-international-schools.com\/es\/wp-json\/wp\/v2\/users\/7"}],"replies":[{"embeddable":true,"href":"https:\/\/french-international-schools.com\/es\/wp-json\/wp\/v2\/comments?post=2189"}],"version-history":[{"count":0,"href":"https:\/\/french-international-schools.com\/es\/wp-json\/wp\/v2\/pages\/2189\/revisions"}],"up":[{"embeddable":true,"href":"https:\/\/french-international-schools.com\/es\/wp-json\/wp\/v2\/pages\/2075"}],"wp:attachment":[{"href":"https:\/\/french-international-schools.com\/es\/wp-json\/wp\/v2\/media?parent=2189"}],"curies":[{"name":"wp","href":"https:\/\/api.w.org\/{rel}","templated":true}]}}