{"id":2387,"date":"2014-02-11T11:31:22","date_gmt":"2014-02-11T10:31:22","guid":{"rendered":"https:\/\/efep.es\/?page_id=2387"},"modified":"2019-07-24T16:36:54","modified_gmt":"2019-07-24T14:36:54","slug":"ecole-san-luis-de-los-franceses","status":"publish","type":"page","link":"https:\/\/french-international-schools.com\/es\/actualidades\/noticias\/ecole-san-luis-de-los-franceses\/","title":{"rendered":"Escuela San Luis de los Franceses"},"content":{"rendered":"<p><!-- this is the opening text --><div class=\"fusion-fullwidth fullwidth-box fusion-builder-row-1 fusion-flex-container hundred-percent-fullwidth non-hundred-percent-height-scrolling\" style=\"--awb-border-radius-top-left:0px;--awb-border-radius-top-right:0px;--awb-border-radius-bottom-right:0px;--awb-border-radius-bottom-left:0px;--awb-overflow:visible;--awb-margin-top:-15px;--awb-background-color:rgba(255,255,255,0);--awb-flex-wrap:wrap;\" ><div class=\"fusion-builder-row fusion-row fusion-flex-align-items-flex-start fusion-flex-content-wrap\" style=\"width:calc( 100% + 0px ) !important;max-width:calc( 100% + 0px ) !important;margin-left: calc(-0px \/ 2 );margin-right: calc(-0px \/ 2 );\"><div class=\"fusion-layout-column fusion_builder_column fusion-builder-column-0 fusion_builder_column_1_1 1_1 fusion-flex-column fusion-flex-align-self-flex-start fusion-column-no-min-height\" style=\"--awb-bg-size:cover;--awb-width-large:100%;--awb-margin-top-large:0px;--awb-spacing-right-large:0px;--awb-margin-bottom-large:0px;--awb-spacing-left-large:0px;--awb-width-medium:100%;--awb-spacing-right-medium:0px;--awb-spacing-left-medium:0px;--awb-width-small:100%;--awb-spacing-right-small:0px;--awb-spacing-left-small:0px;\"><div class=\"fusion-column-wrapper fusion-flex-justify-content-flex-start fusion-content-layout-column\"><div class=\"fusion-separator fusion-full-width-sep\" style=\"align-self: center;margin-left: auto;margin-right: auto;width:100%;\"><\/div>\n<h2 style=\"text-align: justify;\"><a title=\"\u00c9cole San Luis de los Franceses\" href=\" www.stlouisfrancais.com\"><strong>Bienvenido a la Escuela<strong>\u00a0San Luis de los Franceses<\/strong><\/strong><\/a><\/h2>\n<\/div><\/div><\/div><\/div><div class=\"fusion-fullwidth fullwidth-box fusion-builder-row-2 fusion-flex-container hundred-percent-fullwidth non-hundred-percent-height-scrolling\" style=\"--awb-border-radius-top-left:0px;--awb-border-radius-top-right:0px;--awb-border-radius-bottom-right:0px;--awb-border-radius-bottom-left:0px;--awb-overflow:visible;--awb-flex-wrap:wrap;\" ><div class=\"fusion-builder-row fusion-row fusion-flex-align-items-flex-start fusion-flex-content-wrap\" style=\"width:104% !important;max-width:104% !important;margin-left: calc(-4% \/ 2 );margin-right: calc(-4% \/ 2 );\"><div class=\"fusion-layout-column fusion_builder_column fusion-builder-column-1 fusion_builder_column_1_2 1_2 fusion-flex-column\" style=\"--awb-bg-size:cover;--awb-width-large:50%;--awb-margin-top-large:0px;--awb-spacing-right-large:3.84%;--awb-margin-bottom-large:20px;--awb-spacing-left-large:3.84%;--awb-width-medium:50%;--awb-spacing-right-medium:3.84%;--awb-spacing-left-medium:3.84%;--awb-width-small:100%;--awb-spacing-right-small:1.92%;--awb-spacing-left-small:1.92%;\"><div class=\"fusion-column-wrapper fusion-flex-justify-content-flex-start fusion-content-layout-column\"> <div class=\"fusion-title title fusion-title-1 fusion-sep-none fusion-title-text fusion-title-size-three\" style=\"--awb-margin-top-small:10px;--awb-margin-right-small:0px;--awb-margin-bottom-small:10px;--awb-margin-left-small:0px;\"><h3 class=\"fusion-title-heading title-heading-left fusion-responsive-typography-calculated\" style=\"margin:0;--fontSize:36;line-height:1.4;\"><\/h3><\/div><div class=\"fusion-person person fusion-person-left fusion-person-1 fusion-person-icon-top\" style=\"--awb-pic-style-color:var(--awb-color8);--awb-pic-borderradius:0px;--awb-margin-top:0px;--awb-margin-right:0px;--awb-margin-bottom:0px;--awb-margin-left:0px;--awb-social-box-border-top:0px;--awb-social-box-border-right:0px;--awb-social-box-border-bottom:0px;--awb-social-box-border-left:0px;--awb-social-box-border-color:var(--awb-color3);--awb-social-box-border-color-hover:var(--awb-color4);--awb-social-box-colors-hover:var(--awb-color1);--awb-social-icon-boxed-colors:var(--awb-color2);--awb-social-icon-colors:var(--awb-color6);--awb-social-icon-colors-hover:var(--awb-color4);\"><div class=\"person-shortcode-image-wrapper\"><div class=\"person-image-container hover-type-none\" style=\"border:0px solid var(--awb-color3);-webkit-border-radius:0px;-moz-border-radius:0px;border-radius:0px;\"><img decoding=\"async\" class=\"person-img img-responsive wp-image-797\" width=\"285\" height=\"192\" src=\"https:\/\/french-international-schools.com\/wp-content\/uploads\/2013\/12\/st-louis-des-fran\u00e7ais.jpg\" alt=\"&lt;strong&gt;\u00c9cole Saint-Louis des Fran\u00e7ais&lt;\/strong&gt;\" \/><\/div><\/div><div class=\"person-desc\" style=\"background-color:var(--awb-color8);padding:40px;margin-top:0;\"><div class=\"person-author\"><div class=\"person-author-wrapper\"><span class=\"person-name\"><strong>\u00c9cole Saint-Louis des Fran\u00e7ais<\/strong><\/span><span class=\"person-title\">Centro homologado con la AEFE<\/span><\/div><\/div><div class=\"person-content fusion-clearfix\"><\/div><\/div><\/div>\n<p>Calle Portugalete, 1<br \/>\nPozuelo de Alarc\u00f3n<br \/>\n28223 (Madrid)<\/p>\n<\/div><\/div>\n<div class=\"fusion-layout-column fusion_builder_column fusion-builder-column-2 fusion_builder_column_1_2 1_2 fusion-flex-column\" style=\"--awb-bg-size:cover;--awb-width-large:50%;--awb-margin-top-large:0px;--awb-spacing-right-large:3.84%;--awb-margin-bottom-large:20px;--awb-spacing-left-large:3.84%;--awb-width-medium:50%;--awb-spacing-right-medium:3.84%;--awb-spacing-left-medium:3.84%;--awb-width-small:100%;--awb-spacing-right-small:1.92%;--awb-spacing-left-small:1.92%;\"><div class=\"fusion-column-wrapper fusion-flex-justify-content-flex-start fusion-content-layout-column\">\n<ul style=\"--awb-iconcolor:#ffffff;--awb-line-height:27.2px;--awb-icon-width:27.2px;--awb-icon-height:27.2px;--awb-icon-margin:11.2px;--awb-content-margin:38.4px;\" class=\"fusion-checklist fusion-checklist-1 fusion-checklist-default type-icons\">\n<i class=\"fb-icon-element-1 fb-icon-element fontawesome-icon fa fa-user circle-yes or no fusion-text-flow\" style=\"--awb-iconcolor:demi pension;--awb-iconcolor-hover:demi pension;--awb-font-size:10px;--awb-margin-right:5px;\"><\/i>Alumnado: 778 alumnos\n<i class=\"fb-icon-element-2 fb-icon-element fontawesome-icon fa fa-cutlery circle-yes or no fusion-text-flow\" style=\"--awb-iconcolor:demi pension;--awb-iconcolor-hover:demi pension;--awb-font-size:10px;--awb-margin-right:5px;\"><\/i>Media pensi\u00f3n\n<i class=\"fb-icon-element-3 fb-icon-element fontawesome-icon fa fa-truck circle-yes or no fusion-text-flow\" style=\"--awb-iconcolor:demi pension;--awb-iconcolor-hover:demi pension;--awb-font-size:10px;--awb-margin-right:5px;\"><\/i>Transporte escolar\n<i class=\"fb-icon-element-4 fb-icon-element fontawesome-icon fa fa-calendar circle-yes or no fusion-text-flow\" style=\"--awb-iconcolor:demi pension;--awb-iconcolor-hover:demi pension;--awb-font-size:10px;--awb-margin-right:5px;\"><\/i>Curso escolar: de septiembre a junio\n<i class=\"fb-icon-element-5 fb-icon-element fontawesome-icon fa fa-flag circle-yes or no fusion-text-flow\" style=\"--awb-iconcolor:demi pension;--awb-iconcolor-hover:demi pension;--awb-font-size:10px;--awb-margin-right:5px;\"><\/i>Lenguas impartidas: ingl\u00e9s, espa\u00f1ol y lat\u00edn<\/p>\n<li class=\"fusion-li-item\" style=\"\"><span class=\"icon-wrapper circle-no\"><i class=\"fusion-li-icon fa-check, star, arrow, asterik, cross, plus\" aria-hidden=\"true\"><\/i><\/span><div class=\"fusion-li-item-content\">Escuela primaria<\/div><\/li>\n\n<\/ul>\n<p>Tel: \u00a0\u00a0(+34)\u00a0\u00a091 352 05 17<br \/>\nFax : \u00a0(+34) \u00a091 351 08 43<\/p>\n<p><a title=\"\u00c9cole Saint-Louis des Fran\u00e7ais\" href=\"http:\/\/www.stlouisfrancais.com\/\" target=\"_blank\" rel=\"noopener noreferrer\">www.stlouisfrancais.com<\/a><br \/>\n<a href=\"mailto:s_louis@stlouisfrancais.com\" target=\"_blank\" rel=\"noopener noreferrer\">contacto<\/a><\/p>\n<\/div><\/div> <div class=\"fusion-layout-column fusion_builder_column fusion-builder-column-3 fusion_builder_column_1_1 1_1 fusion-flex-column fusion-flex-align-self-flex-start fusion-column-no-min-height\" style=\"--awb-bg-size:cover;--awb-width-large:100%;--awb-margin-top-large:0px;--awb-spacing-right-large:1.92%;--awb-margin-bottom-large:0px;--awb-spacing-left-large:1.92%;--awb-width-medium:100%;--awb-spacing-right-medium:1.92%;--awb-spacing-left-medium:1.92%;--awb-width-small:100%;--awb-spacing-right-small:1.92%;--awb-spacing-left-small:1.92%;\"><div class=\"fusion-column-wrapper fusion-flex-justify-content-flex-start fusion-content-layout-column\"><div class=\"fusion-separator fusion-full-width-sep\" style=\"align-self: center;margin-left: auto;margin-right: auto;margin-top:30px;margin-bottom:30px;width:100%;\"><div class=\"fusion-separator-border sep-double\" style=\"--awb-height:20px;--awb-amount:20px;border-color:var(--awb-color3);border-top-width:1px;border-bottom-width:1px;\"><\/div><\/div> <\/div><\/div><div class=\"fusion-layout-column fusion_builder_column fusion-builder-column-4 fusion_builder_column_1_1 1_1 fusion-flex-column fusion-flex-align-self-flex-start fusion-column-no-min-height\" style=\"--awb-bg-size:cover;--awb-width-large:100%;--awb-margin-top-large:0px;--awb-spacing-right-large:1.92%;--awb-margin-bottom-large:0px;--awb-spacing-left-large:1.92%;--awb-width-medium:100%;--awb-spacing-right-medium:1.92%;--awb-spacing-left-medium:1.92%;--awb-width-small:100%;--awb-spacing-right-small:1.92%;--awb-spacing-left-small:1.92%;\"><div class=\"fusion-column-wrapper fusion-flex-justify-content-flex-start fusion-content-layout-column\"><\/div><\/div><\/div><\/div><\/p>\n","protected":false},"excerpt":{"rendered":"","protected":false},"author":7,"featured_media":0,"parent":14125,"menu_order":0,"comment_status":"open","ping_status":"closed","template":"100-width.php","meta":{"_monsterinsights_skip_tracking":false,"_monsterinsights_sitenote_active":false,"_monsterinsights_sitenote_note":"","_monsterinsights_sitenote_category":0,"footnotes":""},"class_list":["post-2387","page","type-page","status-publish","hentry"],"yoast_head":"<!-- This site is optimized with the Yoast SEO plugin v27.1.1 - https:\/\/yoast.com\/product\/yoast-seo-wordpress\/ -->\n<title>Escuela San Luis de los Franceses | French International Schools<\/title>\n<meta name=\"robots\" content=\"index, follow, max-snippet:-1, max-image-preview:large, max-video-preview:-1\" \/>\n<link rel=\"canonical\" href=\"https:\/\/french-international-schools.com\/es\/actualidades\/noticias\/ecole-san-luis-de-los-franceses\/\" \/>\n<meta property=\"og:locale\" content=\"es_ES\" \/>\n<meta property=\"og:type\" content=\"article\" \/>\n<meta property=\"og:title\" content=\"Escuela San Luis de los Franceses | French International Schools\" \/>\n<meta property=\"og:url\" content=\"https:\/\/french-international-schools.com\/es\/actualidades\/noticias\/ecole-san-luis-de-los-franceses\/\" \/>\n<meta property=\"og:site_name\" content=\"French International Schools\" \/>\n<meta property=\"article:publisher\" content=\"https:\/\/www.facebook.com\/FrenchInternationalSchools\/\" \/>\n<meta property=\"article:modified_time\" content=\"2019-07-24T14:36:54+00:00\" \/>\n<meta property=\"og:image\" content=\"https:\/\/french-international-schools.com\/wp-content\/uploads\/2024\/03\/Logo-French-International-Schools.png\" \/>\n\t<meta property=\"og:image:width\" content=\"145\" \/>\n\t<meta property=\"og:image:height\" content=\"57\" \/>\n\t<meta property=\"og:image:type\" content=\"image\/png\" \/>\n<meta name=\"twitter:card\" content=\"summary_large_image\" \/>\n<meta name=\"twitter:label1\" content=\"Tiempo de lectura\" \/>\n\t<meta name=\"twitter:data1\" content=\"2 minutos\" \/>\n<script type=\"application\/ld+json\" class=\"yoast-schema-graph\">{\"@context\":\"https:\/\/schema.org\",\"@graph\":[{\"@type\":\"WebPage\",\"@id\":\"https:\/\/french-international-schools.com\/es\/actualidades\/noticias\/ecole-san-luis-de-los-franceses\/\",\"url\":\"https:\/\/french-international-schools.com\/es\/actualidades\/noticias\/ecole-san-luis-de-los-franceses\/\",\"name\":\"Escuela San Luis de los Franceses | French International Schools\",\"isPartOf\":{\"@id\":\"https:\/\/french-international-schools.com\/#website\"},\"datePublished\":\"2014-02-11T10:31:22+00:00\",\"dateModified\":\"2019-07-24T14:36:54+00:00\",\"breadcrumb\":{\"@id\":\"https:\/\/french-international-schools.com\/es\/actualidades\/noticias\/ecole-san-luis-de-los-franceses\/#breadcrumb\"},\"inLanguage\":\"es\",\"potentialAction\":[{\"@type\":\"ReadAction\",\"target\":[\"https:\/\/french-international-schools.com\/es\/actualidades\/noticias\/ecole-san-luis-de-los-franceses\/\"]}]},{\"@type\":\"BreadcrumbList\",\"@id\":\"https:\/\/french-international-schools.com\/es\/actualidades\/noticias\/ecole-san-luis-de-los-franceses\/#breadcrumb\",\"itemListElement\":[{\"@type\":\"ListItem\",\"position\":1,\"name\":\"Accueil\",\"item\":\"https:\/\/french-international-schools.com\/es\/\"},{\"@type\":\"ListItem\",\"position\":2,\"name\":\"Actualidades\",\"item\":\"https:\/\/french-international-schools.com\/actualites-menu\/\"},{\"@type\":\"ListItem\",\"position\":3,\"name\":\"Noticias\",\"item\":\"https:\/\/french-international-schools.com\/es\/actualidades\/noticias\/\"},{\"@type\":\"ListItem\",\"position\":4,\"name\":\"Escuela San Luis de los Franceses\"}]},{\"@type\":\"WebSite\",\"@id\":\"https:\/\/french-international-schools.com\/#website\",\"url\":\"https:\/\/french-international-schools.com\/\",\"name\":\"French International Schools\",\"description\":\"\",\"publisher\":{\"@id\":\"https:\/\/french-international-schools.com\/#organization\"},\"potentialAction\":[{\"@type\":\"SearchAction\",\"target\":{\"@type\":\"EntryPoint\",\"urlTemplate\":\"https:\/\/french-international-schools.com\/?s={search_term_string}\"},\"query-input\":{\"@type\":\"PropertyValueSpecification\",\"valueRequired\":true,\"valueName\":\"search_term_string\"}}],\"inLanguage\":\"es\"},{\"@type\":\"Organization\",\"@id\":\"https:\/\/french-international-schools.com\/#organization\",\"name\":\"R\u00e9seau d'enseignement plurilingue fran\u00e7ais\",\"alternateName\":\"French International Schoolls\",\"url\":\"https:\/\/french-international-schools.com\/\",\"logo\":{\"@type\":\"ImageObject\",\"inLanguage\":\"es\",\"@id\":\"https:\/\/french-international-schools.com\/#\/schema\/logo\/image\/\",\"url\":\"https:\/\/french-international-schools.com\/wp-content\/uploads\/2024\/03\/Favicon.png\",\"contentUrl\":\"https:\/\/french-international-schools.com\/wp-content\/uploads\/2024\/03\/Favicon.png\",\"width\":84,\"height\":82,\"caption\":\"R\u00e9seau d'enseignement plurilingue fran\u00e7ais\"},\"image\":{\"@id\":\"https:\/\/french-international-schools.com\/#\/schema\/logo\/image\/\"},\"sameAs\":[\"https:\/\/www.facebook.com\/FrenchInternationalSchools\/\",\"https:\/\/www.instagram.com\/french_international_schools\",\"https:\/\/www.linkedin.com\/company\/french-international-schools\/posts\/?feedView=all\"]}]}<\/script>\n<!-- \/ Yoast SEO plugin. -->","yoast_head_json":{"title":"Escuela San Luis de los Franceses | French International Schools","robots":{"index":"index","follow":"follow","max-snippet":"max-snippet:-1","max-image-preview":"max-image-preview:large","max-video-preview":"max-video-preview:-1"},"canonical":"https:\/\/french-international-schools.com\/es\/actualidades\/noticias\/ecole-san-luis-de-los-franceses\/","og_locale":"es_ES","og_type":"article","og_title":"Escuela San Luis de los Franceses | French International Schools","og_url":"https:\/\/french-international-schools.com\/es\/actualidades\/noticias\/ecole-san-luis-de-los-franceses\/","og_site_name":"French International Schools","article_publisher":"https:\/\/www.facebook.com\/FrenchInternationalSchools\/","article_modified_time":"2019-07-24T14:36:54+00:00","og_image":[{"width":145,"height":57,"url":"https:\/\/french-international-schools.com\/wp-content\/uploads\/2024\/03\/Logo-French-International-Schools.png","type":"image\/png"}],"twitter_card":"summary_large_image","twitter_misc":{"Tiempo de lectura":"2 minutos"},"schema":{"@context":"https:\/\/schema.org","@graph":[{"@type":"WebPage","@id":"https:\/\/french-international-schools.com\/es\/actualidades\/noticias\/ecole-san-luis-de-los-franceses\/","url":"https:\/\/french-international-schools.com\/es\/actualidades\/noticias\/ecole-san-luis-de-los-franceses\/","name":"Escuela San Luis de los Franceses | French International Schools","isPartOf":{"@id":"https:\/\/french-international-schools.com\/#website"},"datePublished":"2014-02-11T10:31:22+00:00","dateModified":"2019-07-24T14:36:54+00:00","breadcrumb":{"@id":"https:\/\/french-international-schools.com\/es\/actualidades\/noticias\/ecole-san-luis-de-los-franceses\/#breadcrumb"},"inLanguage":"es","potentialAction":[{"@type":"ReadAction","target":["https:\/\/french-international-schools.com\/es\/actualidades\/noticias\/ecole-san-luis-de-los-franceses\/"]}]},{"@type":"BreadcrumbList","@id":"https:\/\/french-international-schools.com\/es\/actualidades\/noticias\/ecole-san-luis-de-los-franceses\/#breadcrumb","itemListElement":[{"@type":"ListItem","position":1,"name":"Accueil","item":"https:\/\/french-international-schools.com\/es\/"},{"@type":"ListItem","position":2,"name":"Actualidades","item":"https:\/\/french-international-schools.com\/actualites-menu\/"},{"@type":"ListItem","position":3,"name":"Noticias","item":"https:\/\/french-international-schools.com\/es\/actualidades\/noticias\/"},{"@type":"ListItem","position":4,"name":"Escuela San Luis de los Franceses"}]},{"@type":"WebSite","@id":"https:\/\/french-international-schools.com\/#website","url":"https:\/\/french-international-schools.com\/","name":"French International Schools","description":"","publisher":{"@id":"https:\/\/french-international-schools.com\/#organization"},"potentialAction":[{"@type":"SearchAction","target":{"@type":"EntryPoint","urlTemplate":"https:\/\/french-international-schools.com\/?s={search_term_string}"},"query-input":{"@type":"PropertyValueSpecification","valueRequired":true,"valueName":"search_term_string"}}],"inLanguage":"es"},{"@type":"Organization","@id":"https:\/\/french-international-schools.com\/#organization","name":"R\u00e9seau d'enseignement plurilingue fran\u00e7ais","alternateName":"French International Schoolls","url":"https:\/\/french-international-schools.com\/","logo":{"@type":"ImageObject","inLanguage":"es","@id":"https:\/\/french-international-schools.com\/#\/schema\/logo\/image\/","url":"https:\/\/french-international-schools.com\/wp-content\/uploads\/2024\/03\/Favicon.png","contentUrl":"https:\/\/french-international-schools.com\/wp-content\/uploads\/2024\/03\/Favicon.png","width":84,"height":82,"caption":"R\u00e9seau d'enseignement plurilingue fran\u00e7ais"},"image":{"@id":"https:\/\/french-international-schools.com\/#\/schema\/logo\/image\/"},"sameAs":["https:\/\/www.facebook.com\/FrenchInternationalSchools\/","https:\/\/www.instagram.com\/french_international_schools","https:\/\/www.linkedin.com\/company\/french-international-schools\/posts\/?feedView=all"]}]}},"_links":{"self":[{"href":"https:\/\/french-international-schools.com\/es\/wp-json\/wp\/v2\/pages\/2387","targetHints":{"allow":["GET"]}}],"collection":[{"href":"https:\/\/french-international-schools.com\/es\/wp-json\/wp\/v2\/pages"}],"about":[{"href":"https:\/\/french-international-schools.com\/es\/wp-json\/wp\/v2\/types\/page"}],"author":[{"embeddable":true,"href":"https:\/\/french-international-schools.com\/es\/wp-json\/wp\/v2\/users\/7"}],"replies":[{"embeddable":true,"href":"https:\/\/french-international-schools.com\/es\/wp-json\/wp\/v2\/comments?post=2387"}],"version-history":[{"count":0,"href":"https:\/\/french-international-schools.com\/es\/wp-json\/wp\/v2\/pages\/2387\/revisions"}],"up":[{"embeddable":true,"href":"https:\/\/french-international-schools.com\/es\/wp-json\/wp\/v2\/pages\/14125"}],"wp:attachment":[{"href":"https:\/\/french-international-schools.com\/es\/wp-json\/wp\/v2\/media?parent=2387"}],"curies":[{"name":"wp","href":"https:\/\/api.w.org\/{rel}","templated":true}]}}