{"id":16727,"date":"2024-05-17T15:37:37","date_gmt":"2024-05-17T13:37:37","guid":{"rendered":"https:\/\/efep.es\/politica-de-cookies\/"},"modified":"2024-05-17T15:37:38","modified_gmt":"2024-05-17T13:37:38","slug":"politica-de-cookies","status":"publish","type":"page","link":"https:\/\/french-international-schools.com\/pt-pt\/politica-de-cookies\/","title":{"rendered":"Pol\u00edtica de cookies"},"content":{"rendered":"<div class=\"fusion-fullwidth fullwidth-box fusion-builder-row-1 fusion-flex-container nonhundred-percent-fullwidth non-hundred-percent-height-scrolling\" style=\"--awb-border-radius-top-left:0px;--awb-border-radius-top-right:0px;--awb-border-radius-bottom-right:0px;--awb-border-radius-bottom-left:0px;--awb-flex-wrap:wrap;\" ><div class=\"fusion-builder-row fusion-row fusion-flex-align-items-flex-start fusion-flex-content-wrap\" style=\"max-width:1216.8px;margin-left: calc(-4% \/ 2 );margin-right: calc(-4% \/ 2 );\"><div class=\"fusion-layout-column fusion_builder_column fusion-builder-column-0 fusion_builder_column_1_1 1_1 fusion-flex-column\" style=\"--awb-bg-size:cover;--awb-width-large:100%;--awb-margin-top-large:0px;--awb-spacing-right-large:1.92%;--awb-margin-bottom-large:0px;--awb-spacing-left-large:1.92%;--awb-width-medium:100%;--awb-spacing-right-medium:1.92%;--awb-spacing-left-medium:1.92%;--awb-width-small:100%;--awb-spacing-right-small:1.92%;--awb-spacing-left-small:1.92%;\"><div class=\"fusion-column-wrapper fusion-flex-justify-content-flex-start fusion-content-layout-column\"><div class=\"fusion-text fusion-text-1\"><p><strong>Pol\u00edtica de Cookies<\/strong><\/p>\n<p>O objetivo da presente pol\u00edtica de cookies \u00e9 informar os utilizadores que navegam neste s\u00edtio Web e fornecer informa\u00e7\u00f5es claras e transparentes sobre os cookies armazenados em efep.es, propriedade do Institut R\u00e9gional de Formation de la zone Europe Ib\u00e9rique &#8211; Lyc\u00e9e fran\u00e7ais de Barcelone, doravante French International Schools.<\/p>\n<ol>\n<li><strong>O que s\u00e3o os cookies?<\/strong><\/li>\n<\/ol>\n<p>Este s\u00edtio Web utiliza cookies e\/ou tecnologias semelhantes que armazenam e recuperam informa\u00e7\u00f5es quando o utilizador navega. Em geral, estas tecnologias podem ser utilizadas para diversos fins, como, por exemplo, reconhec\u00ea-lo como utilizador, obter informa\u00e7\u00f5es sobre os seus h\u00e1bitos de navega\u00e7\u00e3o ou personalizar a forma como o conte\u00fado \u00e9 apresentado.<\/p>\n<ol start=\"2\">\n<li><strong>Que tipo de cookies utilizamos neste s\u00edtio Web?<\/strong><\/li>\n<\/ol>\n<p>&#8211; Cookies funcionais\/t\u00e9cnicos: Permitem ao utilizador navegar no site e utilizar as diferentes op\u00e7\u00f5es ou servi\u00e7os nele existentes, incluindo aqueles que utilizamos para permitir a gest\u00e3o e funcionamento do site.<\/p>\n<p>Lista dos cookies utilizados pelas French International Schools:<\/p>\n<table>\n<tr>\n<th>Nome<\/th>\n<th>Dura\u00e7\u00e3o<\/th>\n<th>Fornecedor<\/th>\n<th>Descri\u00e7\u00e3o<\/th>\n<\/tr>\n<tr>\n<td>Privacy_embeds<\/td>\n<td>1 m\u00eas<\/td>\n<td>Avada Privacy Bar<\/td>\n<td>Cookie funcional. Permite que as prefer\u00eancias do utilizador sejam armazenadas, como as prefer\u00eancias do painel de cookies.<\/td>\n<\/tr>\n<\/table>\n<p>Al\u00e9m disso, dependendo do navegador, pode encontrar outros cookies geridos pelo Google \/ Google Maps. Os cookies apresentados podem ser: Secure-ENID, AEC, SOCS, NID, CONSENT, cujos objetivos s\u00e3o a seguran\u00e7a, a preven\u00e7\u00e3o de spam e fraude e para fins anal\u00edticos. A integra\u00e7\u00e3o destes cookies pode ser modificada nas defini\u00e7\u00f5es de cookies da Google. Para mais informa\u00e7\u00f5es sobre a pol\u00edtica de cookies da Google, clique <a href=\"https:\/\/policies.google.com\/technologies\/cookies\">aqui<\/a>.<\/p>\n<ol start=\"3\">\n<li><strong>Gerir os cookies.<\/strong><\/li>\n<\/ol>\n<p>O utilizador pode permitir, bloquear ou eliminar os cookies instalados no seu equipamento atrav\u00e9s do menu de configura\u00e7\u00e3o do seu navegador de Internet, podendo configur\u00e1-lo para bloquear os cookies ou alertar o utilizador quando um servidor pretende guard\u00e1-los. Os seguintes links fornecem informa\u00e7\u00f5es sobre como configurar e\/ou desativar os cookies para cada um dos principais navegadores do mercado, para que o utilizador possa decidir se aceita ou n\u00e3o a utiliza\u00e7\u00e3o de cookies.<\/p>\n<ul>\n<li>Microsoft Internet Explorer: menu Ferramentas > Op\u00e7\u00f5es da Internet > Privacidade > Defini\u00e7\u00f5es.<\/li>\n<li>Firefox: menu Ferramentas > Op\u00e7\u00f5es > Privacidade > Cookies.<\/li>\n<li>Chrome: menu Op\u00e7\u00f5es > Op\u00e7\u00f5es avan\u00e7adas > Privacidade.<\/li>\n<li>Safari: menu Prefer\u00eancias\/Privacidade.<\/li>\n<li>Safari para iOS (iPhone e iPad): op\u00e7\u00e3o Defini\u00e7\u00f5es > Safari.<\/li>\n<li>Chrome para Android: Defini\u00e7\u00f5es > Defini\u00e7\u00f5es do site > Cookies.<\/li>\n<\/ul>\n<p>Tamb\u00e9m pode implementar o opt-out do Google Analytics para os navegadores descarregando e instalando o seguinte complemento desenvolvido pela Google na seguinte <a href=\"https:\/\/tools.google.com\/dlpage\/gaoptout?hl=es_ES\">liga\u00e7\u00e3o<\/a>.<\/p>\n<ol start=\"4\">\n<li><strong>Liga\u00e7\u00f5es externas.<\/strong><\/li>\n<\/ol>\n<p>A French International Schools n\u00e3o \u00e9 respons\u00e1vel pela pol\u00edtica de cookies que possa ser definida por liga\u00e7\u00f5es de terceiros inclu\u00eddas neste s\u00edtio Web. Recomendamos que leia as respectivas pol\u00edticas de cookies. A French International Schools n\u00e3o tem qualquer liga\u00e7\u00e3o com a utiliza\u00e7\u00e3o das respectivas pol\u00edticas implementadas noutros servidores Web.<\/p>\n<ol start=\"5\">\n<li><strong>Dados de contacto.<\/strong><\/li>\n<\/ol>\n<p>Se tiver quaisquer d\u00favidas ou quest\u00f5es sobre esta pol\u00edtica de cookies, pode dirigi-las a:<\/p>\n<p><strong>Institut R\u00e9gional de Formation de la zone Europe Ib\u00e9rique &#8211; Lyc\u00e9e fran\u00e7ais de Barcelone<\/strong><\/p>\n<p><strong>CIF:<\/strong> G08460222<\/p>\n<p><strong>Sede social:<\/strong> Carrer Bosch i Gimpera, 6-10, Barcelona, 08034, Espa\u00f1a<\/p>\n<p><strong>Telefone:<\/strong> 93 252 57 26<\/p>\n<p><strong>Email:<\/strong> <a href=\"mailto:irf@lfb.es\">irf@lfb.es<\/a><\/p>\n<p>Ao aceitar esta pol\u00edtica de cookies, o utilizador \u00e9 informado e consente com os dados que podem ser recolhidos neste s\u00edtio Web.<\/p>\n<p>A French International Schools reserva-se o direito de modificar e atualizar esta pol\u00edtica de cookies, indicando a \u00faltima data de modifica\u00e7\u00e3o.<\/p>\n<p><strong>Data da \u00faltima modifica\u00e7\u00e3o:<\/strong> 15\/03\/2024<\/p>\n<\/div><\/div><\/div><\/div><\/div>\n","protected":false},"excerpt":{"rendered":"","protected":false},"author":7,"featured_media":0,"parent":0,"menu_order":0,"comment_status":"closed","ping_status":"closed","template":"","meta":{"_monsterinsights_skip_tracking":false,"_monsterinsights_sitenote_active":false,"_monsterinsights_sitenote_note":"","_monsterinsights_sitenote_category":0,"footnotes":""},"class_list":["post-16727","page","type-page","status-publish","hentry"],"yoast_head":"<!-- This site is optimized with the Yoast SEO plugin v27.1.1 - https:\/\/yoast.com\/product\/yoast-seo-wordpress\/ -->\n<title>Pol\u00edtica de cookies | French International Schools<\/title>\n<meta name=\"robots\" content=\"index, follow, max-snippet:-1, max-image-preview:large, max-video-preview:-1\" \/>\n<link rel=\"canonical\" href=\"https:\/\/french-international-schools.com\/pt-pt\/politica-de-cookies\/\" \/>\n<meta property=\"og:locale\" content=\"pt_PT\" \/>\n<meta property=\"og:type\" content=\"article\" \/>\n<meta property=\"og:title\" content=\"Pol\u00edtica de cookies | French International Schools\" \/>\n<meta property=\"og:url\" content=\"https:\/\/french-international-schools.com\/pt-pt\/politica-de-cookies\/\" \/>\n<meta property=\"og:site_name\" content=\"French International Schools\" \/>\n<meta property=\"article:publisher\" content=\"https:\/\/www.facebook.com\/FrenchInternationalSchools\/\" \/>\n<meta property=\"article:modified_time\" content=\"2024-05-17T13:37:38+00:00\" \/>\n<meta property=\"og:image\" content=\"https:\/\/french-international-schools.com\/wp-content\/uploads\/2024\/03\/Logo-French-International-Schools.png\" \/>\n\t<meta property=\"og:image:width\" content=\"145\" \/>\n\t<meta property=\"og:image:height\" content=\"57\" \/>\n\t<meta property=\"og:image:type\" content=\"image\/png\" \/>\n<meta name=\"twitter:card\" content=\"summary_large_image\" \/>\n<meta name=\"twitter:label1\" content=\"Tempo estimado de leitura\" \/>\n\t<meta name=\"twitter:data1\" content=\"4 minutos\" \/>\n<script type=\"application\/ld+json\" class=\"yoast-schema-graph\">{\"@context\":\"https:\/\/schema.org\",\"@graph\":[{\"@type\":\"WebPage\",\"@id\":\"https:\/\/french-international-schools.com\/pt-pt\/politica-de-cookies\/\",\"url\":\"https:\/\/french-international-schools.com\/pt-pt\/politica-de-cookies\/\",\"name\":\"Pol\u00edtica de cookies | French International Schools\",\"isPartOf\":{\"@id\":\"https:\/\/french-international-schools.com\/#website\"},\"datePublished\":\"2024-05-17T13:37:37+00:00\",\"dateModified\":\"2024-05-17T13:37:38+00:00\",\"breadcrumb\":{\"@id\":\"https:\/\/french-international-schools.com\/pt-pt\/politica-de-cookies\/#breadcrumb\"},\"inLanguage\":\"pt-PT\",\"potentialAction\":[{\"@type\":\"ReadAction\",\"target\":[\"https:\/\/french-international-schools.com\/pt-pt\/politica-de-cookies\/\"]}]},{\"@type\":\"BreadcrumbList\",\"@id\":\"https:\/\/french-international-schools.com\/pt-pt\/politica-de-cookies\/#breadcrumb\",\"itemListElement\":[{\"@type\":\"ListItem\",\"position\":1,\"name\":\"Accueil\",\"item\":\"https:\/\/french-international-schools.com\/pt-pt\/\"},{\"@type\":\"ListItem\",\"position\":2,\"name\":\"Pol\u00edtica de cookies\"}]},{\"@type\":\"WebSite\",\"@id\":\"https:\/\/french-international-schools.com\/#website\",\"url\":\"https:\/\/french-international-schools.com\/\",\"name\":\"French International Schools\",\"description\":\"\",\"publisher\":{\"@id\":\"https:\/\/french-international-schools.com\/#organization\"},\"potentialAction\":[{\"@type\":\"SearchAction\",\"target\":{\"@type\":\"EntryPoint\",\"urlTemplate\":\"https:\/\/french-international-schools.com\/?s={search_term_string}\"},\"query-input\":{\"@type\":\"PropertyValueSpecification\",\"valueRequired\":true,\"valueName\":\"search_term_string\"}}],\"inLanguage\":\"pt-PT\"},{\"@type\":\"Organization\",\"@id\":\"https:\/\/french-international-schools.com\/#organization\",\"name\":\"R\u00e9seau d'enseignement plurilingue fran\u00e7ais\",\"alternateName\":\"French International Schoolls\",\"url\":\"https:\/\/french-international-schools.com\/\",\"logo\":{\"@type\":\"ImageObject\",\"inLanguage\":\"pt-PT\",\"@id\":\"https:\/\/french-international-schools.com\/#\/schema\/logo\/image\/\",\"url\":\"https:\/\/french-international-schools.com\/wp-content\/uploads\/2024\/03\/Favicon.png\",\"contentUrl\":\"https:\/\/french-international-schools.com\/wp-content\/uploads\/2024\/03\/Favicon.png\",\"width\":84,\"height\":82,\"caption\":\"R\u00e9seau d'enseignement plurilingue fran\u00e7ais\"},\"image\":{\"@id\":\"https:\/\/french-international-schools.com\/#\/schema\/logo\/image\/\"},\"sameAs\":[\"https:\/\/www.facebook.com\/FrenchInternationalSchools\/\",\"https:\/\/www.instagram.com\/french_international_schools\",\"https:\/\/www.linkedin.com\/company\/french-international-schools\/posts\/?feedView=all\"]}]}<\/script>\n<!-- \/ Yoast SEO plugin. -->","yoast_head_json":{"title":"Pol\u00edtica de cookies | French International Schools","robots":{"index":"index","follow":"follow","max-snippet":"max-snippet:-1","max-image-preview":"max-image-preview:large","max-video-preview":"max-video-preview:-1"},"canonical":"https:\/\/french-international-schools.com\/pt-pt\/politica-de-cookies\/","og_locale":"pt_PT","og_type":"article","og_title":"Pol\u00edtica de cookies | French International Schools","og_url":"https:\/\/french-international-schools.com\/pt-pt\/politica-de-cookies\/","og_site_name":"French International Schools","article_publisher":"https:\/\/www.facebook.com\/FrenchInternationalSchools\/","article_modified_time":"2024-05-17T13:37:38+00:00","og_image":[{"width":145,"height":57,"url":"https:\/\/french-international-schools.com\/wp-content\/uploads\/2024\/03\/Logo-French-International-Schools.png","type":"image\/png"}],"twitter_card":"summary_large_image","twitter_misc":{"Tempo estimado de leitura":"4 minutos"},"schema":{"@context":"https:\/\/schema.org","@graph":[{"@type":"WebPage","@id":"https:\/\/french-international-schools.com\/pt-pt\/politica-de-cookies\/","url":"https:\/\/french-international-schools.com\/pt-pt\/politica-de-cookies\/","name":"Pol\u00edtica de cookies | French International Schools","isPartOf":{"@id":"https:\/\/french-international-schools.com\/#website"},"datePublished":"2024-05-17T13:37:37+00:00","dateModified":"2024-05-17T13:37:38+00:00","breadcrumb":{"@id":"https:\/\/french-international-schools.com\/pt-pt\/politica-de-cookies\/#breadcrumb"},"inLanguage":"pt-PT","potentialAction":[{"@type":"ReadAction","target":["https:\/\/french-international-schools.com\/pt-pt\/politica-de-cookies\/"]}]},{"@type":"BreadcrumbList","@id":"https:\/\/french-international-schools.com\/pt-pt\/politica-de-cookies\/#breadcrumb","itemListElement":[{"@type":"ListItem","position":1,"name":"Accueil","item":"https:\/\/french-international-schools.com\/pt-pt\/"},{"@type":"ListItem","position":2,"name":"Pol\u00edtica de cookies"}]},{"@type":"WebSite","@id":"https:\/\/french-international-schools.com\/#website","url":"https:\/\/french-international-schools.com\/","name":"French International Schools","description":"","publisher":{"@id":"https:\/\/french-international-schools.com\/#organization"},"potentialAction":[{"@type":"SearchAction","target":{"@type":"EntryPoint","urlTemplate":"https:\/\/french-international-schools.com\/?s={search_term_string}"},"query-input":{"@type":"PropertyValueSpecification","valueRequired":true,"valueName":"search_term_string"}}],"inLanguage":"pt-PT"},{"@type":"Organization","@id":"https:\/\/french-international-schools.com\/#organization","name":"R\u00e9seau d'enseignement plurilingue fran\u00e7ais","alternateName":"French International Schoolls","url":"https:\/\/french-international-schools.com\/","logo":{"@type":"ImageObject","inLanguage":"pt-PT","@id":"https:\/\/french-international-schools.com\/#\/schema\/logo\/image\/","url":"https:\/\/french-international-schools.com\/wp-content\/uploads\/2024\/03\/Favicon.png","contentUrl":"https:\/\/french-international-schools.com\/wp-content\/uploads\/2024\/03\/Favicon.png","width":84,"height":82,"caption":"R\u00e9seau d'enseignement plurilingue fran\u00e7ais"},"image":{"@id":"https:\/\/french-international-schools.com\/#\/schema\/logo\/image\/"},"sameAs":["https:\/\/www.facebook.com\/FrenchInternationalSchools\/","https:\/\/www.instagram.com\/french_international_schools","https:\/\/www.linkedin.com\/company\/french-international-schools\/posts\/?feedView=all"]}]}},"_links":{"self":[{"href":"https:\/\/french-international-schools.com\/pt-pt\/wp-json\/wp\/v2\/pages\/16727","targetHints":{"allow":["GET"]}}],"collection":[{"href":"https:\/\/french-international-schools.com\/pt-pt\/wp-json\/wp\/v2\/pages"}],"about":[{"href":"https:\/\/french-international-schools.com\/pt-pt\/wp-json\/wp\/v2\/types\/page"}],"author":[{"embeddable":true,"href":"https:\/\/french-international-schools.com\/pt-pt\/wp-json\/wp\/v2\/users\/7"}],"replies":[{"embeddable":true,"href":"https:\/\/french-international-schools.com\/pt-pt\/wp-json\/wp\/v2\/comments?post=16727"}],"version-history":[{"count":0,"href":"https:\/\/french-international-schools.com\/pt-pt\/wp-json\/wp\/v2\/pages\/16727\/revisions"}],"wp:attachment":[{"href":"https:\/\/french-international-schools.com\/pt-pt\/wp-json\/wp\/v2\/media?parent=16727"}],"curies":[{"name":"wp","href":"https:\/\/api.w.org\/{rel}","templated":true}]}}