{"id":2054,"date":"2014-02-02T13:19:04","date_gmt":"2014-02-02T12:19:04","guid":{"rendered":"https:\/\/efep.es\/?page_id=2054"},"modified":"2019-07-24T16:36:55","modified_gmt":"2019-07-24T14:36:55","slug":"contacto-portugues","status":"publish","type":"page","link":"https:\/\/french-international-schools.com\/pt-pt\/contacto-portugues\/","title":{"rendered":"Contacto"},"content":{"rendered":"<p><iframe src=\"https:\/\/mapsengine.google.com\/map\/embed?mid=zr_3V201Vz78.k3gw-8SnZnE0\" height=\"250\" width=\"100%\"><\/iframe><\/p>\n<p style=\"text-align: justify;\">Caso deseje obter informa\u00e7\u00f5es mais pormenorizadas sobre a rede ib\u00e9rica de estabelecimentos de ensino franceses, preencha o seguinte formul\u00e1rio de contacto ou clique no nome do estabelecimento que pretende contactar.<\/p>\n","protected":false},"excerpt":{"rendered":"<p>Caso deseje obter informa\u00e7\u00f5es mais pormenorizadas sobre a rede ib\u00e9rica de estabelecimentos de ensino franceses, preencha o seguinte formul\u00e1rio de contacto ou clique no nome do estabelecimento que pretende contactar.<\/p>\n","protected":false},"author":7,"featured_media":0,"parent":0,"menu_order":6,"comment_status":"open","ping_status":"closed","template":"contact.php","meta":{"_monsterinsights_skip_tracking":false,"_monsterinsights_sitenote_active":false,"_monsterinsights_sitenote_note":"","_monsterinsights_sitenote_category":0,"footnotes":""},"class_list":["post-2054","page","type-page","status-publish","hentry"],"yoast_head":"<!-- This site is optimized with the Yoast SEO plugin v27.1.1 - https:\/\/yoast.com\/product\/yoast-seo-wordpress\/ -->\n<title>Contacto | French International Schools<\/title>\n<meta name=\"robots\" content=\"index, follow, max-snippet:-1, max-image-preview:large, max-video-preview:-1\" \/>\n<link rel=\"canonical\" href=\"https:\/\/french-international-schools.com\/contact\/\" \/>\n<meta property=\"og:locale\" content=\"pt_PT\" \/>\n<meta property=\"og:type\" content=\"article\" \/>\n<meta property=\"og:title\" content=\"Contacto | French International Schools\" \/>\n<meta property=\"og:description\" content=\"Caso deseje obter informa\u00e7\u00f5es mais pormenorizadas sobre a rede ib\u00e9rica de estabelecimentos de ensino franceses, preencha o seguinte formul\u00e1rio de contacto ou clique no nome do estabelecimento que pretende contactar.\" \/>\n<meta property=\"og:url\" content=\"https:\/\/french-international-schools.com\/contact\/\" \/>\n<meta property=\"og:site_name\" content=\"French International Schools\" \/>\n<meta property=\"article:publisher\" content=\"https:\/\/www.facebook.com\/FrenchInternationalSchools\/\" \/>\n<meta property=\"article:modified_time\" content=\"2019-07-24T14:36:55+00:00\" \/>\n<meta property=\"og:image\" content=\"https:\/\/french-international-schools.com\/wp-content\/uploads\/2024\/03\/Logo-French-International-Schools.png\" \/>\n\t<meta property=\"og:image:width\" content=\"145\" \/>\n\t<meta property=\"og:image:height\" content=\"57\" \/>\n\t<meta property=\"og:image:type\" content=\"image\/png\" \/>\n<meta name=\"twitter:card\" content=\"summary_large_image\" \/>\n<script type=\"application\/ld+json\" class=\"yoast-schema-graph\">{\"@context\":\"https:\/\/schema.org\",\"@graph\":[{\"@type\":\"WebPage\",\"@id\":\"https:\/\/french-international-schools.com\/contact\/\",\"url\":\"https:\/\/french-international-schools.com\/contact\/\",\"name\":\"Contacto | French International Schools\",\"isPartOf\":{\"@id\":\"https:\/\/french-international-schools.com\/#website\"},\"datePublished\":\"2014-02-02T12:19:04+00:00\",\"dateModified\":\"2019-07-24T14:36:55+00:00\",\"breadcrumb\":{\"@id\":\"https:\/\/french-international-schools.com\/contact\/#breadcrumb\"},\"inLanguage\":\"pt-PT\",\"potentialAction\":[{\"@type\":\"ReadAction\",\"target\":[\"https:\/\/french-international-schools.com\/contact\/\"]}]},{\"@type\":\"BreadcrumbList\",\"@id\":\"https:\/\/french-international-schools.com\/contact\/#breadcrumb\",\"itemListElement\":[{\"@type\":\"ListItem\",\"position\":1,\"name\":\"Accueil\",\"item\":\"https:\/\/french-international-schools.com\/pt-pt\/\"},{\"@type\":\"ListItem\",\"position\":2,\"name\":\"Contacto\"}]},{\"@type\":\"WebSite\",\"@id\":\"https:\/\/french-international-schools.com\/#website\",\"url\":\"https:\/\/french-international-schools.com\/\",\"name\":\"French International Schools\",\"description\":\"\",\"publisher\":{\"@id\":\"https:\/\/french-international-schools.com\/#organization\"},\"potentialAction\":[{\"@type\":\"SearchAction\",\"target\":{\"@type\":\"EntryPoint\",\"urlTemplate\":\"https:\/\/french-international-schools.com\/?s={search_term_string}\"},\"query-input\":{\"@type\":\"PropertyValueSpecification\",\"valueRequired\":true,\"valueName\":\"search_term_string\"}}],\"inLanguage\":\"pt-PT\"},{\"@type\":\"Organization\",\"@id\":\"https:\/\/french-international-schools.com\/#organization\",\"name\":\"R\u00e9seau d'enseignement plurilingue fran\u00e7ais\",\"alternateName\":\"French International Schoolls\",\"url\":\"https:\/\/french-international-schools.com\/\",\"logo\":{\"@type\":\"ImageObject\",\"inLanguage\":\"pt-PT\",\"@id\":\"https:\/\/french-international-schools.com\/#\/schema\/logo\/image\/\",\"url\":\"https:\/\/french-international-schools.com\/wp-content\/uploads\/2024\/03\/Favicon.png\",\"contentUrl\":\"https:\/\/french-international-schools.com\/wp-content\/uploads\/2024\/03\/Favicon.png\",\"width\":84,\"height\":82,\"caption\":\"R\u00e9seau d'enseignement plurilingue fran\u00e7ais\"},\"image\":{\"@id\":\"https:\/\/french-international-schools.com\/#\/schema\/logo\/image\/\"},\"sameAs\":[\"https:\/\/www.facebook.com\/FrenchInternationalSchools\/\",\"https:\/\/www.instagram.com\/french_international_schools\",\"https:\/\/www.linkedin.com\/company\/french-international-schools\/posts\/?feedView=all\"]}]}<\/script>\n<!-- \/ Yoast SEO plugin. -->","yoast_head_json":{"title":"Contacto | French International Schools","robots":{"index":"index","follow":"follow","max-snippet":"max-snippet:-1","max-image-preview":"max-image-preview:large","max-video-preview":"max-video-preview:-1"},"canonical":"https:\/\/french-international-schools.com\/contact\/","og_locale":"pt_PT","og_type":"article","og_title":"Contacto | French International Schools","og_description":"Caso deseje obter informa\u00e7\u00f5es mais pormenorizadas sobre a rede ib\u00e9rica de estabelecimentos de ensino franceses, preencha o seguinte formul\u00e1rio de contacto ou clique no nome do estabelecimento que pretende contactar.","og_url":"https:\/\/french-international-schools.com\/contact\/","og_site_name":"French International Schools","article_publisher":"https:\/\/www.facebook.com\/FrenchInternationalSchools\/","article_modified_time":"2019-07-24T14:36:55+00:00","og_image":[{"width":145,"height":57,"url":"https:\/\/french-international-schools.com\/wp-content\/uploads\/2024\/03\/Logo-French-International-Schools.png","type":"image\/png"}],"twitter_card":"summary_large_image","schema":{"@context":"https:\/\/schema.org","@graph":[{"@type":"WebPage","@id":"https:\/\/french-international-schools.com\/contact\/","url":"https:\/\/french-international-schools.com\/contact\/","name":"Contacto | French International Schools","isPartOf":{"@id":"https:\/\/french-international-schools.com\/#website"},"datePublished":"2014-02-02T12:19:04+00:00","dateModified":"2019-07-24T14:36:55+00:00","breadcrumb":{"@id":"https:\/\/french-international-schools.com\/contact\/#breadcrumb"},"inLanguage":"pt-PT","potentialAction":[{"@type":"ReadAction","target":["https:\/\/french-international-schools.com\/contact\/"]}]},{"@type":"BreadcrumbList","@id":"https:\/\/french-international-schools.com\/contact\/#breadcrumb","itemListElement":[{"@type":"ListItem","position":1,"name":"Accueil","item":"https:\/\/french-international-schools.com\/pt-pt\/"},{"@type":"ListItem","position":2,"name":"Contacto"}]},{"@type":"WebSite","@id":"https:\/\/french-international-schools.com\/#website","url":"https:\/\/french-international-schools.com\/","name":"French International Schools","description":"","publisher":{"@id":"https:\/\/french-international-schools.com\/#organization"},"potentialAction":[{"@type":"SearchAction","target":{"@type":"EntryPoint","urlTemplate":"https:\/\/french-international-schools.com\/?s={search_term_string}"},"query-input":{"@type":"PropertyValueSpecification","valueRequired":true,"valueName":"search_term_string"}}],"inLanguage":"pt-PT"},{"@type":"Organization","@id":"https:\/\/french-international-schools.com\/#organization","name":"R\u00e9seau d'enseignement plurilingue fran\u00e7ais","alternateName":"French International Schoolls","url":"https:\/\/french-international-schools.com\/","logo":{"@type":"ImageObject","inLanguage":"pt-PT","@id":"https:\/\/french-international-schools.com\/#\/schema\/logo\/image\/","url":"https:\/\/french-international-schools.com\/wp-content\/uploads\/2024\/03\/Favicon.png","contentUrl":"https:\/\/french-international-schools.com\/wp-content\/uploads\/2024\/03\/Favicon.png","width":84,"height":82,"caption":"R\u00e9seau d'enseignement plurilingue fran\u00e7ais"},"image":{"@id":"https:\/\/french-international-schools.com\/#\/schema\/logo\/image\/"},"sameAs":["https:\/\/www.facebook.com\/FrenchInternationalSchools\/","https:\/\/www.instagram.com\/french_international_schools","https:\/\/www.linkedin.com\/company\/french-international-schools\/posts\/?feedView=all"]}]}},"_links":{"self":[{"href":"https:\/\/french-international-schools.com\/pt-pt\/wp-json\/wp\/v2\/pages\/2054","targetHints":{"allow":["GET"]}}],"collection":[{"href":"https:\/\/french-international-schools.com\/pt-pt\/wp-json\/wp\/v2\/pages"}],"about":[{"href":"https:\/\/french-international-schools.com\/pt-pt\/wp-json\/wp\/v2\/types\/page"}],"author":[{"embeddable":true,"href":"https:\/\/french-international-schools.com\/pt-pt\/wp-json\/wp\/v2\/users\/7"}],"replies":[{"embeddable":true,"href":"https:\/\/french-international-schools.com\/pt-pt\/wp-json\/wp\/v2\/comments?post=2054"}],"version-history":[{"count":0,"href":"https:\/\/french-international-schools.com\/pt-pt\/wp-json\/wp\/v2\/pages\/2054\/revisions"}],"wp:attachment":[{"href":"https:\/\/french-international-schools.com\/pt-pt\/wp-json\/wp\/v2\/media?parent=2054"}],"curies":[{"name":"wp","href":"https:\/\/api.w.org\/{rel}","templated":true}]}}